{"id":1314,"date":"2017-08-21T16:43:15","date_gmt":"2017-08-21T14:43:15","guid":{"rendered":"https:\/\/www.mikatani.com\/boutique\/japon\/accueil\/cadeau-japonais\/poupee-japonaise-daruma-rouge-dieu-chanceux-12cm"},"modified":"2021-02-07T16:26:35","modified_gmt":"2021-02-07T15:26:35","slug":"poupee-japonaise-daruma-rouge-dieu-chanceux-12cm","status":"publish","type":"product","link":"https:\/\/www.mikatani.com\/boutique\/produits-traditionnels\/kokeshi-poupee-japonaise\/daruma\/poupee-japonaise-daruma-rouge-dieu-chanceux-12cm","title":{"rendered":"Poup\u00e9e japonaise Daruma Rouge Dieu Chanceux"},"content":{"rendered":"<p>Les poup\u00e9es japonaises de Daruma sont riches en symbolisme et consid\u00e9r\u00e9es comme un symbole de pers\u00e9v\u00e9rance, ce qui en fait un cadeau populaire d&#8217;encouragement, couramment utilis\u00e9 aux c\u00f4t\u00e9s de l&#8217;\u00e9tablissement des objectifs! Le <em>Daruma<\/em> est associ\u00e9 \u00e0 un proverbe japonais tr\u00e8s appr\u00e9ci\u00e9 \u00ab\u00a0<em>nana korobi yaoki\u00a0<\/em>\u00bb ce qui signifie \u00ab\u00a0<em>tomber sept fois, se lever huit fois\u00a0<\/em>\u00bb car la forme arrondie de la poup\u00e9e <em>Daruma<\/em> lui permet de revenir \u00e0 sa position initiale, m\u00eame si elle est renvers\u00e9e, ce qui repr\u00e9sente une telle persistance. Le <em>Daruma<\/em> nous rappelle tous de ne jamais abandonner nos objectifs dans la vie!<\/p>\n<p>Lorsque vous recevez votre poup\u00e9e japonaise Daruma Rouge Dieu Chanceux, vous pouvez remplir l\u2019un des yeux, faire un souhait et une fois que votre souhait est devenu r\u00e9alit\u00e9, compl\u00e9tez l&#8217;autre oeil pour remercier Daruma pour avoir accord\u00e9 votre souhait! Il est recommand\u00e9 de positionner votre poup\u00e9e Daruma quelque part dans une partie visible dans votre maison ou au travail afin que, pendant que votre Daruma se concentre sur votre objectif, vous serez appel\u00e9 \u00e0 faire de m\u00eame! Vous voudrez peut-\u00eatre consid\u00e9rer une base d&#8217;affichage en bois noir moyen (voir l&#8217;image) pour compl\u00e9ter votre <em>Daruma<\/em>, mais notez qu&#8217;il n&#8217;est pas inclus.<\/p>\n<p>Taille: 12 cm de hauteur (\u00e9galement disponible par commande sp\u00e9ciale pour les tailles allant de 5.5 cm \u00e0 75 cm de haut)<\/p>\n","protected":false},"excerpt":{"rendered":"<p>La poup\u00e9e japonaise Daruma Rouge Dieu Chanceux ou la\u00a0<a href=\"https:\/\/www.mikatani.com\/boutique\/produits-traditionnels\/kokeshi-poupee-japonaise\">poup\u00e9e japonaise<\/a> de <em>Dharma<\/em> est une poup\u00e9e japonaise rouge, creuse et ronde, fabriqu\u00e9e en papier m\u00e2ch\u00e9 et inspir\u00e9e de Bodhidharma, le fondateur de la secte zen du bouddhisme.<\/p>\n","protected":false},"featured_media":1310,"comment_status":"open","ping_status":"closed","template":"","meta":[],"product_cat":[160,132,146,147,149,152],"product_tag":[],"yst_prominent_words":[475,1755,1751,1748,1753],"_links":{"self":[{"href":"https:\/\/www.mikatani.com\/boutique\/wp-json\/wp\/v2\/product\/1314"}],"collection":[{"href":"https:\/\/www.mikatani.com\/boutique\/wp-json\/wp\/v2\/product"}],"about":[{"href":"https:\/\/www.mikatani.com\/boutique\/wp-json\/wp\/v2\/types\/product"}],"replies":[{"embeddable":true,"href":"https:\/\/www.mikatani.com\/boutique\/wp-json\/wp\/v2\/comments?post=1314"}],"version-history":[{"count":0,"href":"https:\/\/www.mikatani.com\/boutique\/wp-json\/wp\/v2\/product\/1314\/revisions"}],"wp:featuredmedia":[{"embeddable":true,"href":"https:\/\/www.mikatani.com\/boutique\/wp-json\/wp\/v2\/media\/1310"}],"wp:attachment":[{"href":"https:\/\/www.mikatani.com\/boutique\/wp-json\/wp\/v2\/media?parent=1314"}],"wp:term":[{"taxonomy":"product_cat","embeddable":true,"href":"https:\/\/www.mikatani.com\/boutique\/wp-json\/wp\/v2\/product_cat?post=1314"},{"taxonomy":"product_tag","embeddable":true,"href":"https:\/\/www.mikatani.com\/boutique\/wp-json\/wp\/v2\/product_tag?post=1314"},{"taxonomy":"yst_prominent_words","embeddable":true,"href":"https:\/\/www.mikatani.com\/boutique\/wp-json\/wp\/v2\/yst_prominent_words?post=1314"}],"curies":[{"name":"wp","href":"https:\/\/api.w.org\/{rel}","templated":true}]}}