{"id":1319,"date":"2017-08-21T16:52:37","date_gmt":"2017-08-21T14:52:37","guid":{"rendered":"https:\/\/www.mikatani.com\/boutique\/japon\/accueil\/cadeau-japonais\/ensemble-en-ceramique-japonais-sasa-pour-sake"},"modified":"2020-12-17T08:31:21","modified_gmt":"2020-12-17T07:31:21","slug":"ensemble-en-ceramique-japonais-sasa-pour-sake","status":"publish","type":"product","link":"https:\/\/www.mikatani.com\/boutique\/produits-traditionnels\/ustensiles-cuisine-vaisselle-japonaise\/verre-a-sake\/ensemble-en-ceramique-japonais-sasa-pour-sake","title":{"rendered":"Ensemble japonais en c\u00e9ramique pour Sake"},"content":{"rendered":"<p>Le \u00ab<em>\u00a0Sake\u00a0<\/em>\u00bb est un d\u00e9licieux vin de riz japonais qui peut \u00eatre appr\u00e9ci\u00e9 chaud ou froid et est excellent avec des sushis et des sashimi! Le Sake de bols japonais assortis Sasa contient un pot de <em>sake <\/em>et 4 tasses de <em>sake<\/em>, tous fabriqu\u00e9s au Japon et livr\u00e9s avec une bo\u00eete \u00e0 cadeau magnifique qui rend le cadeau id\u00e9al pour tous les amoureux des <em>sakes<\/em> japonais!<\/p>\n<p>Pot: 15,5 cm de hauteur\u00a0\u00a0\u00a0\u00a0 Tasses : 4.5 cm de hauteur\u00a0\u00a0\u00a0\u00a0 Bo\u00eete \u00e0 cadeau: 19.5 cm L x 14 l x 7.5 H<\/p>\n","protected":false},"excerpt":{"rendered":"<p>Pour Mikatani,ensemble japonais assortis Sasa (<em>Sasa signifie bambou<\/em>) pour Sake. Un pack en c\u00e9ramique japonais tr\u00e8s \u00e9l\u00e9gant dont la forme a \u00e9t\u00e9 scuplt\u00e9 avec des motifs de d\u00e9coration en bambou.<\/p>\n","protected":false},"featured_media":1315,"comment_status":"open","ping_status":"closed","template":"","meta":[],"product_cat":[163,137,146,147],"product_tag":[],"yst_prominent_words":[1612,1750,1585,475,1725,1737,416,1729,1525,1732],"_links":{"self":[{"href":"https:\/\/www.mikatani.com\/boutique\/wp-json\/wp\/v2\/product\/1319"}],"collection":[{"href":"https:\/\/www.mikatani.com\/boutique\/wp-json\/wp\/v2\/product"}],"about":[{"href":"https:\/\/www.mikatani.com\/boutique\/wp-json\/wp\/v2\/types\/product"}],"replies":[{"embeddable":true,"href":"https:\/\/www.mikatani.com\/boutique\/wp-json\/wp\/v2\/comments?post=1319"}],"version-history":[{"count":1,"href":"https:\/\/www.mikatani.com\/boutique\/wp-json\/wp\/v2\/product\/1319\/revisions"}],"predecessor-version":[{"id":1246217,"href":"https:\/\/www.mikatani.com\/boutique\/wp-json\/wp\/v2\/product\/1319\/revisions\/1246217"}],"wp:featuredmedia":[{"embeddable":true,"href":"https:\/\/www.mikatani.com\/boutique\/wp-json\/wp\/v2\/media\/1315"}],"wp:attachment":[{"href":"https:\/\/www.mikatani.com\/boutique\/wp-json\/wp\/v2\/media?parent=1319"}],"wp:term":[{"taxonomy":"product_cat","embeddable":true,"href":"https:\/\/www.mikatani.com\/boutique\/wp-json\/wp\/v2\/product_cat?post=1319"},{"taxonomy":"product_tag","embeddable":true,"href":"https:\/\/www.mikatani.com\/boutique\/wp-json\/wp\/v2\/product_tag?post=1319"},{"taxonomy":"yst_prominent_words","embeddable":true,"href":"https:\/\/www.mikatani.com\/boutique\/wp-json\/wp\/v2\/yst_prominent_words?post=1319"}],"curies":[{"name":"wp","href":"https:\/\/api.w.org\/{rel}","templated":true}]}}