{"id":1329,"date":"2017-09-04T13:59:22","date_gmt":"2017-09-04T11:59:22","guid":{"rendered":"https:\/\/www.mikatani.com\/boutique\/japon\/accueil\/petite-boite-a-the-japonais-a-ecorce-de-cerisier"},"modified":"2020-02-08T12:18:56","modified_gmt":"2020-02-08T11:18:56","slug":"petite-boite-the-japonais-ecorce-cerisier","status":"publish","type":"product","link":"https:\/\/www.mikatani.com\/boutique\/produits-traditionnels\/ustensiles-cuisine-vaisselle-japonaise\/ensemble-pour-the\/petite-boite-the-japonais-ecorce-cerisier","title":{"rendered":"Petite bo\u00eete \u00e0 th\u00e9 japonais \u00e0 \u00e9corce de cerisier"},"content":{"rendered":"<p style=\"margin-bottom: .49cm;\" align=\"justify\"><span style=\"font-family: Calibri;\"><span style=\"font-size: small;\">Il a 2 couvercles\u00a0: l\u2019un en \u00e9tain dor\u00e9 et l\u2019autre recouvert d&#8217;\u00e9corces \u00e0 cerises qui a \u00e9t\u00e9 con\u00e7u pour garder votre th\u00e9 frais et aussi savoureux que possible. Cette gamme unique s&#8217;appelle <\/span><\/span><span style=\"font-family: Calibri;\"><span style=\"font-size: small;\"><i>kabazaiku<\/i><\/span><\/span><span style=\"font-family: Calibri;\"><span style=\"font-size: small;\">, qui a prosp\u00e9r\u00e9 au Japon depuis plus de 230 ans dans la fabrication de produits de haute brillance, de couleurs profondes, riches et solides. Nous recommandons la <\/span><\/span><span style=\"font-family: Calibri;\"><span style=\"font-size: small;\"><i>petite bo\u00eete \u00e0 th\u00e9 japonais \u00e0 \u00e9corce de cerisier<\/i><\/span><\/span><span style=\"font-family: Calibri;\"><span style=\"font-size: small;\"> pour les personnes qui appr\u00e9cient vraiment leur th\u00e9 et leur excellente qualit\u00e9 artisanale japonaise. Veuillez noter que le th\u00e9 n\u2019est pas livr\u00e9 avec le produit.<\/span><\/span><\/p>\n<p style=\"margin-bottom: .49cm;\" align=\"justify\"><span style=\"font-family: Calibri;\"><span style=\"font-size: small;\">Taille: 8.5 cm (diam\u00e8tre) x 9.5 (haut) Capacit\u00e9: 110g<\/span><\/span><\/p>\n","protected":false},"excerpt":{"rendered":"<p><span style=\"font-family: Calibri;\"><span style=\"font-size: small;\">Exclusif pour Mikatani, la <\/span><\/span><span style=\"font-family: Calibri;\"><span style=\"font-size: small;\"><i>petite bo\u00eete \u00e0 th\u00e9 japonais \u00e0 \u00e9corce de cerisier<\/i><\/span><\/span><span style=\"font-family: Calibri;\"><span style=\"font-size: small;\"> est une jolie bo\u00eete \u00e0 th\u00e9 japonais qui a \u00e9t\u00e9 fabriqu\u00e9e \u00e0 partir d&#8217;\u00e9tain puis recouverte d&#8217;\u00e9corces de cerisiers sauvages.<\/span><\/span><\/p>\n","protected":false},"featured_media":1324,"comment_status":"open","ping_status":"closed","template":"","meta":[],"product_cat":[333,137,146,147],"product_tag":[],"yst_prominent_words":[1606],"_links":{"self":[{"href":"https:\/\/www.mikatani.com\/boutique\/wp-json\/wp\/v2\/product\/1329"}],"collection":[{"href":"https:\/\/www.mikatani.com\/boutique\/wp-json\/wp\/v2\/product"}],"about":[{"href":"https:\/\/www.mikatani.com\/boutique\/wp-json\/wp\/v2\/types\/product"}],"replies":[{"embeddable":true,"href":"https:\/\/www.mikatani.com\/boutique\/wp-json\/wp\/v2\/comments?post=1329"}],"version-history":[{"count":1,"href":"https:\/\/www.mikatani.com\/boutique\/wp-json\/wp\/v2\/product\/1329\/revisions"}],"predecessor-version":[{"id":428534,"href":"https:\/\/www.mikatani.com\/boutique\/wp-json\/wp\/v2\/product\/1329\/revisions\/428534"}],"wp:featuredmedia":[{"embeddable":true,"href":"https:\/\/www.mikatani.com\/boutique\/wp-json\/wp\/v2\/media\/1324"}],"wp:attachment":[{"href":"https:\/\/www.mikatani.com\/boutique\/wp-json\/wp\/v2\/media?parent=1329"}],"wp:term":[{"taxonomy":"product_cat","embeddable":true,"href":"https:\/\/www.mikatani.com\/boutique\/wp-json\/wp\/v2\/product_cat?post=1329"},{"taxonomy":"product_tag","embeddable":true,"href":"https:\/\/www.mikatani.com\/boutique\/wp-json\/wp\/v2\/product_tag?post=1329"},{"taxonomy":"yst_prominent_words","embeddable":true,"href":"https:\/\/www.mikatani.com\/boutique\/wp-json\/wp\/v2\/yst_prominent_words?post=1329"}],"curies":[{"name":"wp","href":"https:\/\/api.w.org\/{rel}","templated":true}]}}