{"id":1348,"date":"2017-09-04T15:07:53","date_gmt":"2017-09-04T13:07:53","guid":{"rendered":"https:\/\/www.mikatani.com\/boutique\/japon\/accueil\/petit-chat-chanceux-feng-shui-de-l-amour"},"modified":"2021-02-09T13:29:49","modified_gmt":"2021-02-09T12:29:49","slug":"petit-chat-chanceux-feng-shui-de-l-amour","status":"publish","type":"product","link":"https:\/\/www.mikatani.com\/boutique\/produits-traditionnels\/porte-bonheur-japonais\/chat-japonais-chat-porte-bonheur\/petit-chat-chanceux-feng-shui-de-l-amour","title":{"rendered":"Petit chat porte bonheur Feng Shui de l&#8217;amour"},"content":{"rendered":"<p style=\"margin-bottom: .49cm;\" align=\"justify\"><span style=\"font-family: Calibri;\"><span style=\"font-size: small;\">Les caract\u00e8res blancs japonais <\/span><\/span><span style=\"font-family: Calibri;\"><span style=\"font-size: small;\"><i>(kanji)<\/i><\/span><\/span><span style=\"font-family: Calibri;\"><span style=\"font-size: small;\"> sur la bo\u00eete rouge \u00e0 gauche signifient bonne chance! Nous vous recommandons de placer votre <\/span><\/span><span style=\"font-family: Calibri;\"><span style=\"font-size: small;\"><i>petit chat porte bonheur Feng <\/i><\/span><\/span><span style=\"font-family: Calibri;\"><span style=\"font-size: small;\"><i>Shui de l&#8217;amour<\/i><\/span><\/span><span style=\"font-family: Calibri;\"><span style=\"font-size: small;\"> pr\u00e8s de l&#8217;entr\u00e9e de votre maison, un cadeau japonais id\u00e9al pour les amateurs de chat!<\/span><\/span><\/p>\n<p style=\"margin-bottom: .49cm;\" align=\"justify\"><span style=\"font-family: Calibri;\"><span style=\"font-size: small;\">Taille: 5.5 cm de hauteur<\/span><\/span><\/p>\n","protected":false},"excerpt":{"rendered":"<p><span style=\"font-family: Calibri;\"><span style=\"font-size: small;\">Le <\/span><\/span><span style=\"font-family: Calibri;\"><span style=\"font-size: small;\"><i>petit chat porte bonheur Feng <\/i><\/span><\/span><span style=\"font-family: Calibri;\"><span style=\"font-size: small;\"><i>Shui de l&#8217;amour<\/i><\/span><\/span><span style=\"font-family: Calibri;\"><span style=\"font-size: small;\"> est un chat chanceux japonais tr\u00e8s mignon en c\u00e9ramique rose, appel\u00e9 aussi \u00ab\u00a0<\/span><\/span><span style=\"font-family: Calibri;\"><span style=\"font-size: small;\"><i>maneki neko\u00a0<\/i><\/span><\/span><span style=\"font-family: Calibri;\"><span style=\"font-size: small;\">\u00bb, avec sa patte <\/span><\/span><span style=\"font-family: Calibri;\"><span style=\"font-size: small;\">droite soulev\u00e9e qui est cens\u00e9e vous apporter le bonheur en amour et \u00e0 celui qui le re\u00e7oit !<\/span><\/span><\/p>\n","protected":false},"featured_media":1345,"comment_status":"open","ping_status":"closed","template":"","meta":[],"product_cat":[158,146,147,149,152],"product_tag":[],"yst_prominent_words":[433,416],"_links":{"self":[{"href":"https:\/\/www.mikatani.com\/boutique\/wp-json\/wp\/v2\/product\/1348"}],"collection":[{"href":"https:\/\/www.mikatani.com\/boutique\/wp-json\/wp\/v2\/product"}],"about":[{"href":"https:\/\/www.mikatani.com\/boutique\/wp-json\/wp\/v2\/types\/product"}],"replies":[{"embeddable":true,"href":"https:\/\/www.mikatani.com\/boutique\/wp-json\/wp\/v2\/comments?post=1348"}],"version-history":[{"count":2,"href":"https:\/\/www.mikatani.com\/boutique\/wp-json\/wp\/v2\/product\/1348\/revisions"}],"predecessor-version":[{"id":1246287,"href":"https:\/\/www.mikatani.com\/boutique\/wp-json\/wp\/v2\/product\/1348\/revisions\/1246287"}],"wp:featuredmedia":[{"embeddable":true,"href":"https:\/\/www.mikatani.com\/boutique\/wp-json\/wp\/v2\/media\/1345"}],"wp:attachment":[{"href":"https:\/\/www.mikatani.com\/boutique\/wp-json\/wp\/v2\/media?parent=1348"}],"wp:term":[{"taxonomy":"product_cat","embeddable":true,"href":"https:\/\/www.mikatani.com\/boutique\/wp-json\/wp\/v2\/product_cat?post=1348"},{"taxonomy":"product_tag","embeddable":true,"href":"https:\/\/www.mikatani.com\/boutique\/wp-json\/wp\/v2\/product_tag?post=1348"},{"taxonomy":"yst_prominent_words","embeddable":true,"href":"https:\/\/www.mikatani.com\/boutique\/wp-json\/wp\/v2\/yst_prominent_words?post=1348"}],"curies":[{"name":"wp","href":"https:\/\/api.w.org\/{rel}","templated":true}]}}