{"id":1368,"date":"2017-09-06T13:38:54","date_gmt":"2017-09-06T11:38:54","guid":{"rendered":"https:\/\/www.mikatani.com\/boutique\/japon\/accueil\/imprime-de-la-grande-vague"},"modified":"2021-01-22T10:36:01","modified_gmt":"2021-01-22T09:36:01","slug":"imprime-de-la-grande-vague","status":"publish","type":"product","link":"https:\/\/www.mikatani.com\/boutique\/produits-traditionnels\/art-japonais\/imprime-de-la-grande-vague","title":{"rendered":"Imprim\u00e9 de la Grande Vague"},"content":{"rendered":"<p style=\"margin-bottom: .49cm;\" align=\"justify\"><span style=\"font-family: Calibri;\"><span style=\"font-size: small;\">N\u00e9e \u00e0 Edo, maintenant Tokyo, Hokusai est mieux connue comme auteur de la s\u00e9rie d&#8217;impression en bois \u00ab\u00a0Trente Six vues du Mont Fuji\u00a0\u00bb qui inclut cette copie japonaise reconnue, sur le bois, qu&#8217;il a cr\u00e9\u00e9e au cours des ann\u00e9es 1820. L\u2019imprim\u00e9 de la Grande Vague est un produit garantissant la touche japonaise \u00e0 la pi\u00e8ce o\u00f9 il sera mis. C\u2019est un cadeau unique et abordable pour quelqu&#8217;un qui appr\u00e9cie l&#8217;art japonais.<\/span><\/span><\/p>\n<p style=\"margin-bottom: .49cm;\" align=\"justify\"><span style=\"font-family: Calibri;\"><span style=\"font-size: small;\">Taille: 28 x 36 cm <\/span><\/span><\/p>\n","protected":false},"excerpt":{"rendered":"<p><span style=\"font-family: Calibri;\"><span style=\"font-size: small;\">L\u2019imprim\u00e9 de la Grande Vague est bas\u00e9 sur l&#8217;impression japonaise originale du <\/span><\/span><span style=\"font-family: Calibri;\"><span style=\"font-size: small;\"><i>woodblock<\/i><\/span><\/span><span style=\"font-family: Calibri;\"><span style=\"font-size: small;\"> par Katsushika Hokusai, 1760 &#8211; 1849.<\/span><\/span><\/p>\n","protected":false},"featured_media":1367,"comment_status":"open","ping_status":"closed","template":"","meta":[],"product_cat":[139,146,147],"product_tag":[],"yst_prominent_words":[966,498],"_links":{"self":[{"href":"https:\/\/www.mikatani.com\/boutique\/wp-json\/wp\/v2\/product\/1368"}],"collection":[{"href":"https:\/\/www.mikatani.com\/boutique\/wp-json\/wp\/v2\/product"}],"about":[{"href":"https:\/\/www.mikatani.com\/boutique\/wp-json\/wp\/v2\/types\/product"}],"replies":[{"embeddable":true,"href":"https:\/\/www.mikatani.com\/boutique\/wp-json\/wp\/v2\/comments?post=1368"}],"version-history":[{"count":2,"href":"https:\/\/www.mikatani.com\/boutique\/wp-json\/wp\/v2\/product\/1368\/revisions"}],"predecessor-version":[{"id":267829,"href":"https:\/\/www.mikatani.com\/boutique\/wp-json\/wp\/v2\/product\/1368\/revisions\/267829"}],"wp:featuredmedia":[{"embeddable":true,"href":"https:\/\/www.mikatani.com\/boutique\/wp-json\/wp\/v2\/media\/1367"}],"wp:attachment":[{"href":"https:\/\/www.mikatani.com\/boutique\/wp-json\/wp\/v2\/media?parent=1368"}],"wp:term":[{"taxonomy":"product_cat","embeddable":true,"href":"https:\/\/www.mikatani.com\/boutique\/wp-json\/wp\/v2\/product_cat?post=1368"},{"taxonomy":"product_tag","embeddable":true,"href":"https:\/\/www.mikatani.com\/boutique\/wp-json\/wp\/v2\/product_tag?post=1368"},{"taxonomy":"yst_prominent_words","embeddable":true,"href":"https:\/\/www.mikatani.com\/boutique\/wp-json\/wp\/v2\/yst_prominent_words?post=1368"}],"curies":[{"name":"wp","href":"https:\/\/api.w.org\/{rel}","templated":true}]}}