{"id":1374,"date":"2017-09-06T13:47:33","date_gmt":"2017-09-06T11:47:33","guid":{"rendered":"https:\/\/www.mikatani.com\/boutique\/japon\/accueil\/impression-japonaise-du-tour-de-france"},"modified":"2020-12-18T15:58:05","modified_gmt":"2020-12-18T14:58:05","slug":"impression-japonaise-du-tour-de-france","status":"publish","type":"product","link":"https:\/\/www.mikatani.com\/boutique\/produits-traditionnels\/art-japonais\/impression-japonaise-du-tour-de-france","title":{"rendered":"Impression japonaise du Tour de France"},"content":{"rendered":"<p style=\"margin-bottom: .49cm;\" align=\"justify\"><span style=\"font-family: Calibri;\"><span style=\"font-size: small;\">Cette impression unique pr\u00e9sente le caract\u00e8re japonais <\/span><\/span><span style=\"font-family: Calibri;\"><span style=\"font-size: small;\"><i>kanji<\/i><\/span><\/span><span style=\"font-family: Calibri;\"><span style=\"font-size: small;\"> pour r\u00eaver <\/span><\/span><span style=\"font-family: Calibri;\"><span style=\"font-size: small;\"><i>(yume<\/i><\/span><\/span><span style=\"font-family: Calibri;\"><span style=\"font-size: small;\">) combin\u00e9 avec la rose blanche du Yorkshire ainsi qu&#8217;un v\u00e9lo et un mouton prim\u00e9! Nous pensons que l<i>&#8216;impression<\/i><\/span><\/span><span style=\"font-family: Calibri;\"><span style=\"font-size: small;\"><i> japonaise du Tour de France<\/i><\/span><\/span><span style=\"font-family: Calibri;\"><span style=\"font-size: small;\"> constituerait un cadeau japonais tr\u00e8s sp\u00e9cial pour les amateurs de cyclisme partout dans le monde!<\/span><\/span><\/p>\n<p style=\"margin-bottom: .49cm;\" align=\"justify\"><span style=\"font-family: Calibri;\"><span style=\"font-size: small;\">Taille: A3 \/ 42,5 x 32,5 cm <\/span><\/span><\/p>\n","protected":false},"excerpt":{"rendered":"<p><span style=\"font-family: Calibri;\"><span style=\"font-size: small;\">Exclusif pour Mikatani, <\/span><\/span><span style=\"font-family: Calibri;\"><span style=\"font-size: small;\"><i>l&#8217;impression japonaise du Tour de France<\/i><\/span><\/span><span style=\"font-family: Calibri;\"><span style=\"font-size: small;\"> est une \u00e9dition limit\u00e9e con\u00e7ue par l&#8217;artiste de calligraphie japonais tr\u00e8s appr\u00e9ci\u00e9, Saren Nagata.<\/span><\/span><\/p>\n","protected":false},"featured_media":1373,"comment_status":"open","ping_status":"closed","template":"","meta":[],"product_cat":[139,146,147],"product_tag":[],"yst_prominent_words":[1744,416],"_links":{"self":[{"href":"https:\/\/www.mikatani.com\/boutique\/wp-json\/wp\/v2\/product\/1374"}],"collection":[{"href":"https:\/\/www.mikatani.com\/boutique\/wp-json\/wp\/v2\/product"}],"about":[{"href":"https:\/\/www.mikatani.com\/boutique\/wp-json\/wp\/v2\/types\/product"}],"replies":[{"embeddable":true,"href":"https:\/\/www.mikatani.com\/boutique\/wp-json\/wp\/v2\/comments?post=1374"}],"version-history":[{"count":0,"href":"https:\/\/www.mikatani.com\/boutique\/wp-json\/wp\/v2\/product\/1374\/revisions"}],"wp:featuredmedia":[{"embeddable":true,"href":"https:\/\/www.mikatani.com\/boutique\/wp-json\/wp\/v2\/media\/1373"}],"wp:attachment":[{"href":"https:\/\/www.mikatani.com\/boutique\/wp-json\/wp\/v2\/media?parent=1374"}],"wp:term":[{"taxonomy":"product_cat","embeddable":true,"href":"https:\/\/www.mikatani.com\/boutique\/wp-json\/wp\/v2\/product_cat?post=1374"},{"taxonomy":"product_tag","embeddable":true,"href":"https:\/\/www.mikatani.com\/boutique\/wp-json\/wp\/v2\/product_tag?post=1374"},{"taxonomy":"yst_prominent_words","embeddable":true,"href":"https:\/\/www.mikatani.com\/boutique\/wp-json\/wp\/v2\/yst_prominent_words?post=1374"}],"curies":[{"name":"wp","href":"https:\/\/api.w.org\/{rel}","templated":true}]}}