{"id":1388,"date":"2017-09-06T14:01:16","date_gmt":"2017-09-06T12:01:16","guid":{"rendered":"https:\/\/www.mikatani.com\/boutique\/japon\/accueil\/set-de-bol-japonais-turquoise-a-vernis-crepi"},"modified":"2020-12-20T22:23:17","modified_gmt":"2020-12-20T21:23:17","slug":"set-de-bol-japonais-turquoise-a-vernis-crepi","status":"publish","type":"product","link":"https:\/\/www.mikatani.com\/boutique\/produits-traditionnels\/ustensiles-cuisine-vaisselle-japonaise\/bols-japonais\/set-de-bol-japonais-turquoise-a-vernis-crepi","title":{"rendered":"Set de bol japonais Turquoise \u00e0 Vernis Cr\u00e9pi"},"content":{"rendered":"<p style=\"margin-bottom: .49cm;\" align=\"justify\"><span style=\"font-family: Calibri;\"><span style=\"font-size: small;\">Exclusif pour Mikatani et fabriqu\u00e9 au Japon, ces authentiques bols japonais sont id\u00e9aux pour toutes sortes de plats occidentaux et orientaux. Que vous soyez \u00e0 la recherche d&#8217;un cadeau pour un \u00eatre cher ou d&#8217;un cadeau sp\u00e9cial pour vous-m\u00eame, le set de bols japonais Turquoise \u00e0 <\/span><\/span><span style=\"font-family: Calibri;\"><span style=\"font-size: small;\"><i>Vernis Cr\u00e9pi <\/i><\/span><\/span><span style=\"font-family: Calibri;\"><span style=\"font-size: small;\"> est un cadeau parfait pour tous les amateurs de cuisine japonaise! Nous recommandons que ces bols ne soient pas utilis\u00e9s dans un lave-vaisselle ou un micro-ondes.<\/span><\/span><\/p>\n<p style=\"margin-bottom: .49cm;\" align=\"justify\"><span style=\"font-family: Calibri;\"><span style=\"font-size: small;\">Bols: 13.5 cm de diam\u00e8tre x 7 cm de profondeur<\/span><\/span><\/p>\n<p style=\"margin-bottom: .49cm;\" align=\"justify\"><span style=\"font-family: Calibri;\"><span style=\"font-size: small;\">Baguettes: 23 cm <\/span><\/span><\/p>\n","protected":false},"excerpt":{"rendered":"<p><span style=\"font-family: Calibri;\"><span style=\"font-size: small;\">Pour vraiment donner un style \u00e0 son d\u00eener, essayez le set de bol japonais Turquoise <\/span><\/span><span style=\"font-family: Calibri;\"><span style=\"font-size: small;\"><i>\u00e0 Vernis Cr\u00e9pi <\/i><\/span><\/span><span style=\"font-family: Calibri;\"><span style=\"font-size: small;\"> qui contient 2 gigantesques bols japonais turquoise, 2 baguettes en bois et 2 repose &#8211; baguettes en bois.<\/span><\/span><\/p>\n","protected":false},"featured_media":1381,"comment_status":"open","ping_status":"closed","template":"","meta":[],"product_cat":[169,137,146,147],"product_tag":[],"yst_prominent_words":[1741,1740,1585,475,416],"_links":{"self":[{"href":"https:\/\/www.mikatani.com\/boutique\/wp-json\/wp\/v2\/product\/1388"}],"collection":[{"href":"https:\/\/www.mikatani.com\/boutique\/wp-json\/wp\/v2\/product"}],"about":[{"href":"https:\/\/www.mikatani.com\/boutique\/wp-json\/wp\/v2\/types\/product"}],"replies":[{"embeddable":true,"href":"https:\/\/www.mikatani.com\/boutique\/wp-json\/wp\/v2\/comments?post=1388"}],"version-history":[{"count":1,"href":"https:\/\/www.mikatani.com\/boutique\/wp-json\/wp\/v2\/product\/1388\/revisions"}],"predecessor-version":[{"id":1246176,"href":"https:\/\/www.mikatani.com\/boutique\/wp-json\/wp\/v2\/product\/1388\/revisions\/1246176"}],"wp:featuredmedia":[{"embeddable":true,"href":"https:\/\/www.mikatani.com\/boutique\/wp-json\/wp\/v2\/media\/1381"}],"wp:attachment":[{"href":"https:\/\/www.mikatani.com\/boutique\/wp-json\/wp\/v2\/media?parent=1388"}],"wp:term":[{"taxonomy":"product_cat","embeddable":true,"href":"https:\/\/www.mikatani.com\/boutique\/wp-json\/wp\/v2\/product_cat?post=1388"},{"taxonomy":"product_tag","embeddable":true,"href":"https:\/\/www.mikatani.com\/boutique\/wp-json\/wp\/v2\/product_tag?post=1388"},{"taxonomy":"yst_prominent_words","embeddable":true,"href":"https:\/\/www.mikatani.com\/boutique\/wp-json\/wp\/v2\/yst_prominent_words?post=1388"}],"curies":[{"name":"wp","href":"https:\/\/api.w.org\/{rel}","templated":true}]}}