{"id":1393,"date":"2017-09-06T14:12:02","date_gmt":"2017-09-06T12:12:02","guid":{"rendered":"https:\/\/www.mikatani.com\/boutique\/japon\/accueil\/set-de-plats-de-couleur-turquoise-pour-sushi"},"modified":"2020-12-09T21:10:13","modified_gmt":"2020-12-09T20:10:13","slug":"set-de-plats-de-couleur-turquoise-pour-sushi","status":"publish","type":"product","link":"https:\/\/www.mikatani.com\/boutique\/produits-traditionnels\/ustensiles-cuisine-vaisselle-japonaise\/set-de-plats-de-couleur-turquoise-pour-sushi","title":{"rendered":"Set de plats de couleur Turquoise pour Sushi"},"content":{"rendered":"<p style=\"margin-bottom: .49cm;\" align=\"justify\"><span style=\"font-family: Calibri;\"><span style=\"font-size: small;\">Exclusif pour Mikatani et fabriqu\u00e9 au Japon, cet authentique plateau japonais a une cr\u00e9maill\u00e8re turquoise tr\u00e8s distinctive et est id\u00e9al pour un d\u00e9licieux repas de sushi! Que vous soyez \u00e0 la recherche d&#8217;un cadeau pour une famille enti\u00e8re ou d&#8217;un cadeau sp\u00e9cial pour vous-m\u00eame, le set<\/span><\/span><span style=\"font-family: Calibri;\"><span style=\"font-size: small;\"><i> de plats couleur Turquoise pour Sushi<\/i><\/span><\/span><span style=\"font-family: Calibri;\"><span style=\"font-size: small;\"> est parfait pour une restauration moderne \u00e0 la maison, d\u00e9contract\u00e9e mais \u00e9l\u00e9gante! Nous vous recommandons d\u2019\u00e9viter de le passer au lave-vaisselle ou au micro-onde.<\/span><\/span><\/p>\n<p style=\"margin-bottom: .49cm;\" align=\"justify\"><span style=\"font-family: Calibri;\"><span style=\"font-size: small;\">Plateau : 21,5 x 14 x 3 cm<\/span><\/span><\/p>\n<p style=\"margin-bottom: .49cm;\" align=\"justify\"><span style=\"font-family: Calibri;\"><span style=\"font-size: small;\">Assiettes : 7 x 7 x 2.5 cm<\/span><\/span><\/p>\n<p style=\"margin-bottom: .49cm;\" align=\"justify\"><span style=\"font-family: Calibri;\"><span style=\"font-size: small;\">Baguettes: 23 cm <\/span><\/span><\/p>\n","protected":false},"excerpt":{"rendered":"<p><span style=\"font-family: Calibri;\"><span style=\"font-size: small;\">Le <i>set <\/i><\/span><\/span><span style=\"font-family: Calibri;\"><span style=\"font-size: small;\"><i>de plats de couleur Turquoise pour Sushi<\/i><\/span><\/span><span style=\"font-family: Calibri;\"><span style=\"font-size: small;\"> contient 2 magnifiques assiettes de sushi japonaises, 2 plats de sauce assortis, 2 baguettes et 2 porte-baguettes en bois.<\/span><\/span><\/p>\n","protected":false},"featured_media":1389,"comment_status":"open","ping_status":"closed","template":"","meta":[],"product_cat":[155,137,146,147],"product_tag":[],"yst_prominent_words":[1726,1585,475,1730,1735,1733],"_links":{"self":[{"href":"https:\/\/www.mikatani.com\/boutique\/wp-json\/wp\/v2\/product\/1393"}],"collection":[{"href":"https:\/\/www.mikatani.com\/boutique\/wp-json\/wp\/v2\/product"}],"about":[{"href":"https:\/\/www.mikatani.com\/boutique\/wp-json\/wp\/v2\/types\/product"}],"replies":[{"embeddable":true,"href":"https:\/\/www.mikatani.com\/boutique\/wp-json\/wp\/v2\/comments?post=1393"}],"version-history":[{"count":1,"href":"https:\/\/www.mikatani.com\/boutique\/wp-json\/wp\/v2\/product\/1393\/revisions"}],"predecessor-version":[{"id":551167,"href":"https:\/\/www.mikatani.com\/boutique\/wp-json\/wp\/v2\/product\/1393\/revisions\/551167"}],"wp:featuredmedia":[{"embeddable":true,"href":"https:\/\/www.mikatani.com\/boutique\/wp-json\/wp\/v2\/media\/1389"}],"wp:attachment":[{"href":"https:\/\/www.mikatani.com\/boutique\/wp-json\/wp\/v2\/media?parent=1393"}],"wp:term":[{"taxonomy":"product_cat","embeddable":true,"href":"https:\/\/www.mikatani.com\/boutique\/wp-json\/wp\/v2\/product_cat?post=1393"},{"taxonomy":"product_tag","embeddable":true,"href":"https:\/\/www.mikatani.com\/boutique\/wp-json\/wp\/v2\/product_tag?post=1393"},{"taxonomy":"yst_prominent_words","embeddable":true,"href":"https:\/\/www.mikatani.com\/boutique\/wp-json\/wp\/v2\/yst_prominent_words?post=1393"}],"curies":[{"name":"wp","href":"https:\/\/api.w.org\/{rel}","templated":true}]}}