{"id":1396,"date":"2017-09-06T16:00:32","date_gmt":"2017-09-06T14:00:32","guid":{"rendered":"https:\/\/www.mikatani.com\/boutique\/japon\/accueil\/gravure-japonaise-de-deux-chats-qui-jouent"},"modified":"2020-11-08T15:36:14","modified_gmt":"2020-11-08T14:36:14","slug":"gravure-japonaise-de-deux-chats-qui-jouent","status":"publish","type":"product","link":"https:\/\/www.mikatani.com\/boutique\/produits-traditionnels\/art-japonais\/gravure-japonaise-de-deux-chats-qui-jouent","title":{"rendered":"Gravure japonaise de deux chats qui jouent"},"content":{"rendered":"<p style=\"margin-bottom: .49cm;\" align=\"justify\"><span style=\"font-family: Calibri;\"><span style=\"font-size: small;\">Produit exclusif sur Mikatani, cette impression \u00e9l\u00e9gante de l&#8217;artiste de calligraphie japonais tr\u00e8s respect\u00e9, Saren Nagata pr\u00e9sente un chat noir et un chat multicolore qui s\u2019amusent et jouent ensemble! Nous pensons que ce produit est une excellente id\u00e9e cadeau japonaise pour ceux qui adorent les chats !<\/span><\/span><\/p>\n<p style=\"margin-bottom: .49cm;\" align=\"justify\"><span style=\"font-family: Calibri;\"><span style=\"font-size: small;\">Taille : A5 20.5 cm x 15.5 cm <\/span><\/span><\/p>\n","protected":false},"excerpt":{"rendered":"<p><span style=\"font-family: Calibri;\"><span style=\"font-size: small;\">La <\/span><\/span><span style=\"font-family: Calibri;\"><span style=\"font-size: small;\"><i>gravure japonaise de deux chats qui jouent dans un cadre noir<\/i><\/span><\/span><span style=\"font-family: Calibri;\"><span style=\"font-size: small;\"> au format A5 est une belle impression japonaise sur support blanc.<\/span><\/span><\/p>\n","protected":false},"featured_media":1394,"comment_status":"open","ping_status":"closed","template":"","meta":[],"product_cat":[158,168,139,146,147],"product_tag":[],"yst_prominent_words":[433,475,493],"_links":{"self":[{"href":"https:\/\/www.mikatani.com\/boutique\/wp-json\/wp\/v2\/product\/1396"}],"collection":[{"href":"https:\/\/www.mikatani.com\/boutique\/wp-json\/wp\/v2\/product"}],"about":[{"href":"https:\/\/www.mikatani.com\/boutique\/wp-json\/wp\/v2\/types\/product"}],"replies":[{"embeddable":true,"href":"https:\/\/www.mikatani.com\/boutique\/wp-json\/wp\/v2\/comments?post=1396"}],"version-history":[{"count":2,"href":"https:\/\/www.mikatani.com\/boutique\/wp-json\/wp\/v2\/product\/1396\/revisions"}],"predecessor-version":[{"id":1246266,"href":"https:\/\/www.mikatani.com\/boutique\/wp-json\/wp\/v2\/product\/1396\/revisions\/1246266"}],"wp:featuredmedia":[{"embeddable":true,"href":"https:\/\/www.mikatani.com\/boutique\/wp-json\/wp\/v2\/media\/1394"}],"wp:attachment":[{"href":"https:\/\/www.mikatani.com\/boutique\/wp-json\/wp\/v2\/media?parent=1396"}],"wp:term":[{"taxonomy":"product_cat","embeddable":true,"href":"https:\/\/www.mikatani.com\/boutique\/wp-json\/wp\/v2\/product_cat?post=1396"},{"taxonomy":"product_tag","embeddable":true,"href":"https:\/\/www.mikatani.com\/boutique\/wp-json\/wp\/v2\/product_tag?post=1396"},{"taxonomy":"yst_prominent_words","embeddable":true,"href":"https:\/\/www.mikatani.com\/boutique\/wp-json\/wp\/v2\/yst_prominent_words?post=1396"}],"curies":[{"name":"wp","href":"https:\/\/api.w.org\/{rel}","templated":true}]}}