{"id":1401,"date":"2017-09-06T17:27:55","date_gmt":"2017-09-06T15:27:55","guid":{"rendered":"https:\/\/www.mikatani.com\/boutique\/japon\/accueil\/assortiment-de-sake-japonais-ume"},"modified":"2022-07-31T11:24:47","modified_gmt":"2022-07-31T09:24:47","slug":"assortiment-de-sake-japonais-ume","status":"publish","type":"product","link":"https:\/\/www.mikatani.com\/boutique\/produits-traditionnels\/ustensiles-cuisine-vaisselle-japonaise\/verre-a-sake\/assortiment-de-sake-japonais-ume","title":{"rendered":"Assortiment de Sake japonais Ume"},"content":{"rendered":"<p style=\"margin-bottom: .49cm;\" align=\"justify\"><span style=\"font-family: Calibri;\"><span style=\"font-size: small;\">Le \u00ab\u00a0<\/span><\/span><span style=\"font-family: Calibri;\"><span style=\"font-size: small;\"><i>Sake<\/i><\/span><\/span><span style=\"font-family: Calibri;\"><span style=\"font-size: small;\">\u00a0\u00bb est un d\u00e9licieux vin de riz japonais qui peut \u00eatre appr\u00e9ci\u00e9 chaud ou froid et est un excellent accompagnement pour les sushis et le sashimi! Ce pack contient un pot de <\/span><\/span><span style=\"font-family: Calibri;\"><span style=\"font-size: small;\"><i>sake<\/i><\/span><\/span><span style=\"font-family: Calibri;\"><span style=\"font-size: small;\"> et 4 tasses de <\/span><\/span><span style=\"font-family: Calibri;\"><span style=\"font-size: small;\"><i>sake<\/i><\/span><\/span><span style=\"font-family: Calibri;\"><span style=\"font-size: small;\"> correspondantes, toutes fabriqu\u00e9s au Japon et livr\u00e9s avec une bo\u00eete \u00e0 cadeaux de charme, id\u00e9al pour tous les buveurs de <\/span><\/span><span style=\"font-family: Calibri;\"><span style=\"font-size: small;\"><i>sake <\/i><\/span><\/span><span style=\"font-family: Calibri;\"><span style=\"font-size: small;\">!<\/span><\/span><\/p>\n<p style=\"margin-bottom: .49cm;\" align=\"justify\"><span style=\"font-family: Calibri;\"><span style=\"font-size: small;\">Pot: 280ml, 15.5 cm de hauteur<\/span><\/span><\/p>\n<p style=\"margin-bottom: .49cm;\" align=\"justify\"><span style=\"font-family: Calibri;\"><span style=\"font-size: small;\">Tasses : 4.5 cm de hauteur<\/span><\/span><\/p>\n","protected":false},"excerpt":{"rendered":"<p><span style=\"font-family: Calibri;\"><span style=\"font-size: small;\">Exclusif pour Mikatani, <\/span><\/span><span style=\"font-family: Calibri;\"><span style=\"font-size: small;\"><i>l&#8217;assortiment de Sake japonais Ume<\/i><\/span><\/span><span style=\"font-family: Calibri;\"><span style=\"font-size: small;\"> est un style de Sake japonais traditionnel tr\u00e8s \u00e9l\u00e9gant, avec un corps gris vert et d\u00e9cor\u00e9 de prunier (<\/span><\/span><span style=\"font-family: Calibri;\"><span style=\"font-size: small;\"><i>Ume signifie prunier<\/i><\/span><\/span><span style=\"font-family: Calibri;\"><span style=\"font-size: small;\">).<\/span><\/span><\/p>\n","protected":false},"featured_media":1397,"comment_status":"open","ping_status":"closed","template":"","meta":[],"product_cat":[163,137,146,147],"product_tag":[],"yst_prominent_words":[475,1725,1737,1729,1525,1732],"_links":{"self":[{"href":"https:\/\/www.mikatani.com\/boutique\/wp-json\/wp\/v2\/product\/1401"}],"collection":[{"href":"https:\/\/www.mikatani.com\/boutique\/wp-json\/wp\/v2\/product"}],"about":[{"href":"https:\/\/www.mikatani.com\/boutique\/wp-json\/wp\/v2\/types\/product"}],"replies":[{"embeddable":true,"href":"https:\/\/www.mikatani.com\/boutique\/wp-json\/wp\/v2\/comments?post=1401"}],"version-history":[{"count":0,"href":"https:\/\/www.mikatani.com\/boutique\/wp-json\/wp\/v2\/product\/1401\/revisions"}],"wp:featuredmedia":[{"embeddable":true,"href":"https:\/\/www.mikatani.com\/boutique\/wp-json\/wp\/v2\/media\/1397"}],"wp:attachment":[{"href":"https:\/\/www.mikatani.com\/boutique\/wp-json\/wp\/v2\/media?parent=1401"}],"wp:term":[{"taxonomy":"product_cat","embeddable":true,"href":"https:\/\/www.mikatani.com\/boutique\/wp-json\/wp\/v2\/product_cat?post=1401"},{"taxonomy":"product_tag","embeddable":true,"href":"https:\/\/www.mikatani.com\/boutique\/wp-json\/wp\/v2\/product_tag?post=1401"},{"taxonomy":"yst_prominent_words","embeddable":true,"href":"https:\/\/www.mikatani.com\/boutique\/wp-json\/wp\/v2\/yst_prominent_words?post=1401"}],"curies":[{"name":"wp","href":"https:\/\/api.w.org\/{rel}","templated":true}]}}