{"id":1407,"date":"2017-09-06T17:43:12","date_gmt":"2017-09-06T15:43:12","guid":{"rendered":"https:\/\/www.mikatani.com\/boutique\/japon\/accueil\/daruma-kokeshi-bonheur-blanc"},"modified":"2020-12-07T10:16:52","modified_gmt":"2020-12-07T09:16:52","slug":"daruma-kokeshi-bonheur-blanc","status":"publish","type":"product","link":"https:\/\/www.mikatani.com\/boutique\/produits-traditionnels\/kokeshi-poupee-japonaise\/daruma\/daruma-kokeshi-bonheur-blanc","title":{"rendered":"Daruma Kokeshi Bonheur Blanc"},"content":{"rendered":"<p style=\"margin-bottom: .49cm;\" align=\"justify\"><span style=\"font-family: Calibri;\"><span style=\"font-size: small;\">Le produit est le cadeau id\u00e9al de bonne chance. Les Daruma (<\/span><\/span><span style=\"font-family: Calibri;\"><span style=\"font-size: small;\"><i>\u00e9galement connu sous le nom de poup\u00e9es de Dharma<\/i><\/span><\/span><span style=\"font-family: Calibri;\"><span style=\"font-size: small;\">) sont model\u00e9s sur le Bodhidharma, le fondateur du bouddhisme zen, et sont un symbole de pers\u00e9v\u00e9rance et de bonne chance depuis longtemps. La poup\u00e9e <\/span><\/span><span style=\"font-family: Calibri;\"><span style=\"font-size: small;\"><i>Daruma Kokeshi Bonheur Blanc<\/i><\/span><\/span><span style=\"font-family: Calibri;\"><span style=\"font-size: small;\"> est efficace pour tous les contextes, d&#8217;autant plus si elle est associ\u00e9e \u00e0 une base de support. Ceci est disponible \u00e0 l&#8217;achat s\u00e9par\u00e9ment. Si vous le souhaitez, nous vous conseillons de choisir la petite taille.<\/span><\/span><\/p>\n<p style=\"margin-bottom: .49cm;\" align=\"justify\"><span style=\"font-family: Calibri;\"><span style=\"font-size: small;\">Taille: 5 cm de hauteur<\/span><\/span><\/p>\n","protected":false},"excerpt":{"rendered":"<p><span style=\"font-family: Calibri;\"><span style=\"font-size: small;\">Notre poup\u00e9e <\/span><\/span><span style=\"font-family: Calibri;\"><span style=\"font-size: small;\"><i>Daruma Kokeshi Bonheur Blanc<\/i><\/span><\/span><span style=\"font-family: Calibri;\"><span style=\"font-size: small;\"> offrira une touche contemporaine japonaise traditionnelle.<\/span><\/span><\/p>\n","protected":false},"featured_media":1404,"comment_status":"open","ping_status":"closed","template":"","meta":[],"product_cat":[160,132,146,147,149,152],"product_tag":[],"yst_prominent_words":[1723,447,1728,484],"_links":{"self":[{"href":"https:\/\/www.mikatani.com\/boutique\/wp-json\/wp\/v2\/product\/1407"}],"collection":[{"href":"https:\/\/www.mikatani.com\/boutique\/wp-json\/wp\/v2\/product"}],"about":[{"href":"https:\/\/www.mikatani.com\/boutique\/wp-json\/wp\/v2\/types\/product"}],"replies":[{"embeddable":true,"href":"https:\/\/www.mikatani.com\/boutique\/wp-json\/wp\/v2\/comments?post=1407"}],"version-history":[{"count":0,"href":"https:\/\/www.mikatani.com\/boutique\/wp-json\/wp\/v2\/product\/1407\/revisions"}],"wp:featuredmedia":[{"embeddable":true,"href":"https:\/\/www.mikatani.com\/boutique\/wp-json\/wp\/v2\/media\/1404"}],"wp:attachment":[{"href":"https:\/\/www.mikatani.com\/boutique\/wp-json\/wp\/v2\/media?parent=1407"}],"wp:term":[{"taxonomy":"product_cat","embeddable":true,"href":"https:\/\/www.mikatani.com\/boutique\/wp-json\/wp\/v2\/product_cat?post=1407"},{"taxonomy":"product_tag","embeddable":true,"href":"https:\/\/www.mikatani.com\/boutique\/wp-json\/wp\/v2\/product_tag?post=1407"},{"taxonomy":"yst_prominent_words","embeddable":true,"href":"https:\/\/www.mikatani.com\/boutique\/wp-json\/wp\/v2\/yst_prominent_words?post=1407"}],"curies":[{"name":"wp","href":"https:\/\/api.w.org\/{rel}","templated":true}]}}