{"id":1437,"date":"2017-09-19T14:33:19","date_gmt":"2017-09-19T12:33:19","guid":{"rendered":"https:\/\/www.mikatani.com\/boutique\/japon\/accueil\/sac-a-main-visage-de-femme"},"modified":"2023-02-03T01:33:54","modified_gmt":"2023-02-03T00:33:54","slug":"sac-a-main-visage-de-femme","status":"publish","type":"product","link":"https:\/\/www.mikatani.com\/boutique\/mode-vetements\/sacs\/sac-a-mains\/sac-a-main-visage-de-femme","title":{"rendered":"Sac \u00e0 main visage de femme"},"content":{"rendered":"<div class=\"rte\">\n<div class=\"rte\">\n<div class=\"rte\">\n<div class=\"rte\">\n<div class=\"rte\">\n<ul>\n<li>Produits en stock<\/li>\n<li>Livraison suivie 48h<\/li>\n<li>Satisfait ou rembours\u00e9<\/li>\n<li>Paiement 100% s\u00e9curis\u00e9<\/li>\n<li>Envoi gratuit d\u00e8s 99\u20ac d&#8217;achat<\/li>\n<li>N\u00b01 de la <a href=\"https:\/\/www.mikatani.com\/3-mode-japonaise-coreenne-tendance-style-asiatique\">mode cor\u00e9enne<\/a> depuis 2008<\/li>\n<\/ul>\n<p>Tous nos colis sont emball\u00e9s avec soin dans nos locaux. Nous attachons une attention particuli\u00e8re \u00e0 leur confection afin que vous soyez charm\u00e9s d\u00e8s l&#8217;ouverture. Si toutefois vous n&#8217;\u00e9tiez pas satisfait(e) de nos services ou de vos achats, vous pouvez nous contacter \u00e0\u00a0<a href=\"mailto:contact@mikatani.com\">contact@mikatani.com<\/a> afin que nous trouvions ensemble une solution.<\/p>\n<p><em>NB : la taille fran\u00e7aise est donn\u00e9e \u00e0 titre indicatif. N&#8217;h\u00e9sitez pas \u00e0 v\u00e9rifier la convenance de l&#8217;article \u00e0 votre taille gr\u00e2ce aux dimensions indiqu\u00e9es.<\/em><\/p>\n<\/p><\/div>\n<\/p><\/div>\n<\/p><\/div>\n<\/p><\/div>\n<\/p><\/div>\n","protected":false},"excerpt":{"rendered":"<p><span>Couleur principale : noir<br \/>Motif : visage de femme<br \/>Mati\u00e8re : Synth\u00e9tique<\/span><\/p>\n<p><span>Taille : <br \/>Longueur : 22 cm<br \/>Largeur : 9 cm<br \/>Hauteur : 16 cm<\/span><\/p>\n","protected":false},"featured_media":1436,"comment_status":"open","ping_status":"closed","template":"","meta":[],"product_cat":[157,154],"product_tag":[],"yst_prominent_words":[],"_links":{"self":[{"href":"https:\/\/www.mikatani.com\/boutique\/wp-json\/wp\/v2\/product\/1437"}],"collection":[{"href":"https:\/\/www.mikatani.com\/boutique\/wp-json\/wp\/v2\/product"}],"about":[{"href":"https:\/\/www.mikatani.com\/boutique\/wp-json\/wp\/v2\/types\/product"}],"replies":[{"embeddable":true,"href":"https:\/\/www.mikatani.com\/boutique\/wp-json\/wp\/v2\/comments?post=1437"}],"version-history":[{"count":0,"href":"https:\/\/www.mikatani.com\/boutique\/wp-json\/wp\/v2\/product\/1437\/revisions"}],"wp:featuredmedia":[{"embeddable":true,"href":"https:\/\/www.mikatani.com\/boutique\/wp-json\/wp\/v2\/media\/1436"}],"wp:attachment":[{"href":"https:\/\/www.mikatani.com\/boutique\/wp-json\/wp\/v2\/media?parent=1437"}],"wp:term":[{"taxonomy":"product_cat","embeddable":true,"href":"https:\/\/www.mikatani.com\/boutique\/wp-json\/wp\/v2\/product_cat?post=1437"},{"taxonomy":"product_tag","embeddable":true,"href":"https:\/\/www.mikatani.com\/boutique\/wp-json\/wp\/v2\/product_tag?post=1437"},{"taxonomy":"yst_prominent_words","embeddable":true,"href":"https:\/\/www.mikatani.com\/boutique\/wp-json\/wp\/v2\/yst_prominent_words?post=1437"}],"curies":[{"name":"wp","href":"https:\/\/api.w.org\/{rel}","templated":true}]}}