{"id":1488,"date":"2017-09-24T15:58:17","date_gmt":"2017-09-24T13:58:17","guid":{"rendered":"https:\/\/www.mikatani.com\/boutique\/japon\/mode-vetements\/robe-courte-sans-manche-en-dentelle-florale-blanche"},"modified":"2020-01-31T10:06:35","modified_gmt":"2020-01-31T09:06:35","slug":"robe-courte-sans-manche-en-dentelle-florale-blanche","status":"publish","type":"product","link":"https:\/\/www.mikatani.com\/boutique\/mode-vetements\/robes-jupes-mode-asiatique-tendance-japonaise-coreenne-vetement-kawaii\/robe-courte-sans-manche-en-dentelle-florale-blanche","title":{"rendered":"Robe courte sans manche en dentelle florale blanche"},"content":{"rendered":"<div class=\"rte\">\n<div class=\"rte\">\n<div class=\"rte\">\n<div class=\"rte\">\n<div class=\"rte\">\n<ul>\n<li>Produits en stock<\/li>\n<li>Livraison suivie 48h<\/li>\n<li>Satisfait ou rembours\u00e9<\/li>\n<li>Paiement 100% s\u00e9curis\u00e9<\/li>\n<li>Envoi gratuit d\u00e8s 99\u20ac d&#8217;achat<\/li>\n<li>N\u00b01 de la <a href=\"https:\/\/www.mikatani.com\/3-mode-japonaise-coreenne-tendance-style-asiatique\">mode cor\u00e9enne<\/a> depuis 2008<\/li>\n<\/ul>\n<p>Tous nos colis sont emball\u00e9s avec soin dans nos locaux. Nous attachons une attention particuli\u00e8re \u00e0 leur confection afin que vous soyez charm\u00e9s d\u00e8s l&#8217;ouverture.<\/p>\n<p><em>NB : la taille fran\u00e7aise est donn\u00e9e \u00e0 titre indicatif. N&#8217;h\u00e9sitez pas \u00e0 v\u00e9rifier la convenance de l&#8217;article \u00e0 votre taille gr\u00e2ce aux dimensions indiqu\u00e9es.<\/em><\/p>\n<\/p><\/div>\n<\/p><\/div>\n<\/p><\/div>\n<\/p><\/div>\n<\/p><\/div>\n","protected":false},"excerpt":{"rendered":"<p><span>Taille fran\u00e7aise : unique<br \/>Couleur : blanche<br \/>Mati\u00e8re : Dentelle<br \/><\/span><\/p>\n<table style=\"border-collapse:collapse;width:298px;height:84px;border:0px none #ffffff;\" cellspacing=\"0\" cellpadding=\"0\" border=\"0\">\n<tbody>\n<tr>\n<td style=\"padding:2px;border:1px solid #000000;\">\n<p style=\"font-size:12px;font-weight:normal;padding:0px;margin:0px;\" align=\"center\">Dimensions<\/p>\n<\/td>\n<td style=\"padding:2px;border:1px solid #000000;\" valign=\"top\">\n<p style=\"font-size:12px;font-weight:normal;padding:0px;margin:0px;\" align=\"center\">Taille unique<\/p>\n<\/td>\n<\/tr>\n<tr>\n<td style=\"padding:2px;border:1px solid #000000;\">\n<p style=\"font-size:12px;font-weight:normal;padding:0px;margin:0px;\" align=\"center\">Longueur<\/p>\n<\/td>\n<td style=\"padding:2px;border:1px solid #000000;\" valign=\"top\">\n<p style=\"font-size:12px;font-weight:normal;padding:0px;margin:0px;\" align=\"center\">78 cm<\/p>\n<\/td>\n<\/tr>\n<tr>\n<td style=\"padding:2px;border:1px solid #000000;\">\n<p style=\"font-size:12px;font-weight:normal;padding:0px;margin:0px;\" align=\"center\">Tour de poitrine<\/p>\n<\/td>\n<td style=\"padding:2px;border:1px solid #000000;\" valign=\"top\">\n<p style=\"font-size:12px;font-weight:normal;padding:0px;margin:0px;\" align=\"center\">78-90 cm<\/p>\n<\/td>\n<\/tr>\n<tr>\n<td style=\"padding:2px;border:1px solid #000000;\">\n<p style=\"font-size:12px;font-weight:normal;padding:0px;margin:0px;\" align=\"center\">Tour de taille<\/p>\n<\/td>\n<td style=\"padding:2px;border:1px solid #000000;\" valign=\"top\">\n<p style=\"font-size:12px;font-weight:normal;padding:0px;margin:0px;\" align=\"center\">76-86 cm<\/p>\n<\/td>\n<\/tr>\n<\/tbody>\n<\/table>\n","protected":false},"featured_media":1483,"comment_status":"open","ping_status":"closed","template":"","meta":[],"product_cat":[134],"product_tag":[],"yst_prominent_words":[],"_links":{"self":[{"href":"https:\/\/www.mikatani.com\/boutique\/wp-json\/wp\/v2\/product\/1488"}],"collection":[{"href":"https:\/\/www.mikatani.com\/boutique\/wp-json\/wp\/v2\/product"}],"about":[{"href":"https:\/\/www.mikatani.com\/boutique\/wp-json\/wp\/v2\/types\/product"}],"replies":[{"embeddable":true,"href":"https:\/\/www.mikatani.com\/boutique\/wp-json\/wp\/v2\/comments?post=1488"}],"version-history":[{"count":0,"href":"https:\/\/www.mikatani.com\/boutique\/wp-json\/wp\/v2\/product\/1488\/revisions"}],"wp:featuredmedia":[{"embeddable":true,"href":"https:\/\/www.mikatani.com\/boutique\/wp-json\/wp\/v2\/media\/1483"}],"wp:attachment":[{"href":"https:\/\/www.mikatani.com\/boutique\/wp-json\/wp\/v2\/media?parent=1488"}],"wp:term":[{"taxonomy":"product_cat","embeddable":true,"href":"https:\/\/www.mikatani.com\/boutique\/wp-json\/wp\/v2\/product_cat?post=1488"},{"taxonomy":"product_tag","embeddable":true,"href":"https:\/\/www.mikatani.com\/boutique\/wp-json\/wp\/v2\/product_tag?post=1488"},{"taxonomy":"yst_prominent_words","embeddable":true,"href":"https:\/\/www.mikatani.com\/boutique\/wp-json\/wp\/v2\/yst_prominent_words?post=1488"}],"curies":[{"name":"wp","href":"https:\/\/api.w.org\/{rel}","templated":true}]}}