{"id":1527,"date":"2017-12-07T17:21:36","date_gmt":"2017-12-07T16:21:36","guid":{"rendered":"https:\/\/www.mikatani.com\/boutique\/japon\/cadeau-japonais\/cadeau-japonais-anniversaire\/kimono-yukata-long-rouge-fleur-de-cerisier"},"modified":"2021-02-09T22:26:19","modified_gmt":"2021-02-09T21:26:19","slug":"kimono-yukata-long-rouge-fleur-de-cerisier","status":"publish","type":"product","link":"https:\/\/www.mikatani.com\/boutique\/kimono\/yukata\/kimono-yukata-long-rouge-fleur-de-cerisier","title":{"rendered":"Kimono Yukata long rouge motifs Fleur de cerisier"},"content":{"rendered":"<p>Dot\u00e9 d&#8217;un tr\u00e8s joli motif de fleurs de cerisier, ce magnifique yukata, ou kimono japonais l\u00e9ger, est vraiment agr\u00e9able \u00e0 porter et un cadeau id\u00e9al pour un \u00eatre cher ou un joli plaisir \u00e0 s&#8217;offir.<\/p>\n<p>Le Yukata long motifs fleurs de cerisier a \u00e9t\u00e9 fabriqu\u00e9 au Japon et a \u00e9t\u00e9 con\u00e7u dans le style traditionnel japonais avec des manches enti\u00e8rement d\u00e9coup\u00e9es, il est port\u00e9 \u00e0 gauche et \u00e0 droite, et attach\u00e9 \u00e0 l&#8217;avant ou \u00e0 l&#8217;arri\u00e8re, en utilisant la ceinture ou l&#8217;obi .<\/p>\n<p>Taille: 140cm de long, id\u00e9al pour les femmes de 160 cm et plus.<\/p>\n","protected":false},"excerpt":{"rendered":"<p>Le kimono Yukata long rouge motifs Fleur de cerisier\u00a0est un yukata japonais authentique d&#8217;une belle\u00a0 longueur en coton, parfait pour se d\u00e9tendre dans \u00e0 la maison ou en vacances.<\/p>\n","protected":false},"featured_media":1519,"comment_status":"open","ping_status":"closed","template":"","meta":[],"product_cat":[365,171,146,147,186,150],"product_tag":[],"yst_prominent_words":[491,490,489,1613,416,414],"_links":{"self":[{"href":"https:\/\/www.mikatani.com\/boutique\/wp-json\/wp\/v2\/product\/1527"}],"collection":[{"href":"https:\/\/www.mikatani.com\/boutique\/wp-json\/wp\/v2\/product"}],"about":[{"href":"https:\/\/www.mikatani.com\/boutique\/wp-json\/wp\/v2\/types\/product"}],"replies":[{"embeddable":true,"href":"https:\/\/www.mikatani.com\/boutique\/wp-json\/wp\/v2\/comments?post=1527"}],"version-history":[{"count":1,"href":"https:\/\/www.mikatani.com\/boutique\/wp-json\/wp\/v2\/product\/1527\/revisions"}],"predecessor-version":[{"id":3352,"href":"https:\/\/www.mikatani.com\/boutique\/wp-json\/wp\/v2\/product\/1527\/revisions\/3352"}],"wp:featuredmedia":[{"embeddable":true,"href":"https:\/\/www.mikatani.com\/boutique\/wp-json\/wp\/v2\/media\/1519"}],"wp:attachment":[{"href":"https:\/\/www.mikatani.com\/boutique\/wp-json\/wp\/v2\/media?parent=1527"}],"wp:term":[{"taxonomy":"product_cat","embeddable":true,"href":"https:\/\/www.mikatani.com\/boutique\/wp-json\/wp\/v2\/product_cat?post=1527"},{"taxonomy":"product_tag","embeddable":true,"href":"https:\/\/www.mikatani.com\/boutique\/wp-json\/wp\/v2\/product_tag?post=1527"},{"taxonomy":"yst_prominent_words","embeddable":true,"href":"https:\/\/www.mikatani.com\/boutique\/wp-json\/wp\/v2\/yst_prominent_words?post=1527"}],"curies":[{"name":"wp","href":"https:\/\/api.w.org\/{rel}","templated":true}]}}