{"id":1531,"date":"2017-12-07T17:40:01","date_gmt":"2017-12-07T16:40:01","guid":{"rendered":"https:\/\/www.mikatani.com\/boutique\/japon\/mode-vetements\/kimono-yukata-court-noir-fleurs-de-cerisiers"},"modified":"2020-12-16T13:48:28","modified_gmt":"2020-12-16T12:48:28","slug":"kimono-yukata-court-noir-fleurs-de-cerisiers","status":"publish","type":"product","link":"https:\/\/www.mikatani.com\/boutique\/kimono\/yukata\/kimono-yukata-court-noir-fleurs-de-cerisiers","title":{"rendered":"Kimono Yukata court noir motifs fleurs de cerisiers"},"content":{"rendered":"<p>Fabriqu\u00e9 au Japon \u00e0 partir d&#8217;un joli coton pur doux avec d&#8217;\u00e9l\u00e9gants motifs de fleurs de cerisier gris et blanc.<br \/>\nTaille: Longueur jusqu&#8217;au genou, 107cm de long, id\u00e9al pour toutes les femmes.<br \/>\nL\u00e9ger, lavable en machine et facile d&#8217;entretien, extr\u00eamement confortable et garanti pour impressionner!<br \/>\nParfait pour se d\u00e9tendre \u00e0 la maison ou en vacances !<\/p>\n<p>Superbe Yukata en imprim\u00e9 fleurs de cerisier , un kimono noir authentique en coton japonais avec un beau d\u00e9tail de fleurs de cerisier grises et blanches. Ce kimono l\u00e9ger, ou yukata japonais, a \u00e9t\u00e9 con\u00e7u et fabriqu\u00e9 \u00e0 Kyoto avec une poche sur le devant et est port\u00e9 en enroulant autour du corps et attach\u00e9 \u00e0 l&#8217;avant ou \u00e0 l&#8217;arri\u00e8re, en utilisant la ceinture ou le obi assorti. Lavable \u00e0 la machine et merveilleusement doux au toucher, le kimono Yukata court noir \u00e0 motifs fleurs de cerisier est parfait pour se d\u00e9tendre \u00e0 la maison ou en vacances ! Que vous recherchiez un cadeau pour un \u00eatre cher ou un cadeau sp\u00e9cial pour vous-m\u00eame, il est plaira \u00e0 coup s\u00fbr !<\/p>\n<p>Taille: Longueur au genou, 107cm, id\u00e9al pour toutes les femmes.<\/p>\n","protected":false},"excerpt":{"rendered":"<p>Le kimono Yukata court noir \u00e0 motifs fleurs de cerisier est un magnifique kimono japonais authentique noir qui arrive aux genoux !<\/p>\n","protected":false},"featured_media":1528,"comment_status":"open","ping_status":"closed","template":"","meta":[],"product_cat":[365,171,180,186,150],"product_tag":[],"yst_prominent_words":[1713,491,413,1688,1705,1605,424,490,489,1710,1698,1613,1684,388,1044,1678,417,484,1694,414],"_links":{"self":[{"href":"https:\/\/www.mikatani.com\/boutique\/wp-json\/wp\/v2\/product\/1531"}],"collection":[{"href":"https:\/\/www.mikatani.com\/boutique\/wp-json\/wp\/v2\/product"}],"about":[{"href":"https:\/\/www.mikatani.com\/boutique\/wp-json\/wp\/v2\/types\/product"}],"replies":[{"embeddable":true,"href":"https:\/\/www.mikatani.com\/boutique\/wp-json\/wp\/v2\/comments?post=1531"}],"version-history":[{"count":1,"href":"https:\/\/www.mikatani.com\/boutique\/wp-json\/wp\/v2\/product\/1531\/revisions"}],"predecessor-version":[{"id":1246268,"href":"https:\/\/www.mikatani.com\/boutique\/wp-json\/wp\/v2\/product\/1531\/revisions\/1246268"}],"wp:featuredmedia":[{"embeddable":true,"href":"https:\/\/www.mikatani.com\/boutique\/wp-json\/wp\/v2\/media\/1528"}],"wp:attachment":[{"href":"https:\/\/www.mikatani.com\/boutique\/wp-json\/wp\/v2\/media?parent=1531"}],"wp:term":[{"taxonomy":"product_cat","embeddable":true,"href":"https:\/\/www.mikatani.com\/boutique\/wp-json\/wp\/v2\/product_cat?post=1531"},{"taxonomy":"product_tag","embeddable":true,"href":"https:\/\/www.mikatani.com\/boutique\/wp-json\/wp\/v2\/product_tag?post=1531"},{"taxonomy":"yst_prominent_words","embeddable":true,"href":"https:\/\/www.mikatani.com\/boutique\/wp-json\/wp\/v2\/yst_prominent_words?post=1531"}],"curies":[{"name":"wp","href":"https:\/\/api.w.org\/{rel}","templated":true}]}}