{"id":1535,"date":"2017-12-07T18:23:14","date_gmt":"2017-12-07T17:23:14","guid":{"rendered":"https:\/\/www.mikatani.com\/boutique\/japon\/mode-vetements\/kimono-yukata-court-rouge-fleurs-de-cerisiers"},"modified":"2022-01-26T01:24:28","modified_gmt":"2022-01-26T00:24:28","slug":"kimono-yukata-court-rouge-fleurs-de-cerisiers","status":"publish","type":"product","link":"https:\/\/www.mikatani.com\/boutique\/kimono\/yukata\/kimono-yukata-court-rouge-fleurs-de-cerisiers","title":{"rendered":"Kimono Yukata court rouge motifs fleurs de cerisiers"},"content":{"rendered":"<p>Sensation vraiment douce avec 2 poches, manches droites et un beaux motifs de fleurs de cerisiers roses et blanches.<br \/>\nTaille : Longueur au genou, 107cm de long, id\u00e9al pour les femmes de toute taille.<br \/>\nLavable \u00e0 la machine pour un entretien facile et tr\u00e8s confortable, parfait pour se d\u00e9tendre \u00e0 la maison ou en vacances!<br \/>\nFabriqu\u00e9 au Japon, un cadeau japonais vraiment \u00e9l\u00e9gant !<\/p>\n<p>Parfait pour se d\u00e9tendre \u00e0 la maison ou en vacances, le Kimono Yukata court rouge motifs fleurs de cerisiers est un magnifique kimono japonais authentique en coton rouge profond. Ce kimono japonais l\u00e9ger (ou yukata) est incroyablement doux au toucher, avec deux poches, des manches droites et un beau motif de fleurs de cerisiers roses et blancs. Le Kimono Yukata court rouge motifs fleurs de cerisiers a \u00e9t\u00e9 con\u00e7u et fabriqu\u00e9 \u00e0 Kyoto et est port\u00e9 en s&#8217;enroulant autour du corps et se faufile librement \u00e0 l&#8217;aide de la ceinture ou du obi assorti inclus. Lavable \u00e0 la machine pour un entretien facile, c&#8217;est un cadeau japonais tr\u00e8s \u00e9l\u00e9gant !<\/p>\n<p>Taille : Longueur au genou, 107cm de long, id\u00e9al pour les femmes de toute taille.<\/p>\n","protected":false},"excerpt":{"rendered":"<p>Kimono Yukata court rouge motifs fleurs de cerisiers &#8211; un magnifique kimono japonais authentique en coton rouge.<\/p>\n","protected":false},"featured_media":1532,"comment_status":"open","ping_status":"closed","template":"","meta":[],"product_cat":[365,171,180,146,147,186,150],"product_tag":[],"yst_prominent_words":[1721,1718,1702,1567,1707,1720,1704,1569,1696,1681,1711,1715,1566,1719,1693,1709,1690,1716,1701,1686],"_links":{"self":[{"href":"https:\/\/www.mikatani.com\/boutique\/wp-json\/wp\/v2\/product\/1535"}],"collection":[{"href":"https:\/\/www.mikatani.com\/boutique\/wp-json\/wp\/v2\/product"}],"about":[{"href":"https:\/\/www.mikatani.com\/boutique\/wp-json\/wp\/v2\/types\/product"}],"replies":[{"embeddable":true,"href":"https:\/\/www.mikatani.com\/boutique\/wp-json\/wp\/v2\/comments?post=1535"}],"version-history":[{"count":1,"href":"https:\/\/www.mikatani.com\/boutique\/wp-json\/wp\/v2\/product\/1535\/revisions"}],"predecessor-version":[{"id":1246283,"href":"https:\/\/www.mikatani.com\/boutique\/wp-json\/wp\/v2\/product\/1535\/revisions\/1246283"}],"wp:featuredmedia":[{"embeddable":true,"href":"https:\/\/www.mikatani.com\/boutique\/wp-json\/wp\/v2\/media\/1532"}],"wp:attachment":[{"href":"https:\/\/www.mikatani.com\/boutique\/wp-json\/wp\/v2\/media?parent=1535"}],"wp:term":[{"taxonomy":"product_cat","embeddable":true,"href":"https:\/\/www.mikatani.com\/boutique\/wp-json\/wp\/v2\/product_cat?post=1535"},{"taxonomy":"product_tag","embeddable":true,"href":"https:\/\/www.mikatani.com\/boutique\/wp-json\/wp\/v2\/product_tag?post=1535"},{"taxonomy":"yst_prominent_words","embeddable":true,"href":"https:\/\/www.mikatani.com\/boutique\/wp-json\/wp\/v2\/yst_prominent_words?post=1535"}],"curies":[{"name":"wp","href":"https:\/\/api.w.org\/{rel}","templated":true}]}}