{"id":1554,"date":"2017-12-07T20:48:13","date_gmt":"2017-12-07T19:48:13","guid":{"rendered":"https:\/\/www.mikatani.com\/boutique\/japon\/produits-traditionnels\/petit-chat-feng-shui-prosperite-chance-travail"},"modified":"2021-02-09T13:29:49","modified_gmt":"2021-02-09T12:29:49","slug":"petit-chat-feng-shui-prosperite-chance-travail","status":"publish","type":"product","link":"https:\/\/www.mikatani.com\/boutique\/produits-traditionnels\/porte-bonheur-japonais\/chat-japonais-chat-porte-bonheur\/petit-chat-feng-shui-prosperite-chance-travail","title":{"rendered":"Petit chat porte bonheur Feng Shui pour la prosp\u00e9rit\u00e9 et la chance au travail"},"content":{"rendered":"<p>Les caract\u00e8res japonais kanji blancs sur la bo\u00eete rouge sur la gauche signifient bonne chance ! Nous vous recommandons de placer votre petit chat chanceux Feng Shui Work pr\u00e8s de l&#8217;entr\u00e9e de votre maison, un cadeau japonais id\u00e9al pour les travailleurs, les entrepreneurs \u00e9galement !<\/p>\n<p>Taille: 5,5 cm<\/p>\n","protected":false},"excerpt":{"rendered":"<p>Le petit chat porte bonheur Feng Shui du travail est un chat chanceux japonais en c\u00e9ramique rouge tr\u00e8s mignon, ou maneki neko , avec sa patte droite lev\u00e9e qui vous apportera la prosp\u00e9rit\u00e9 et la chance au travail !<\/p>\n","protected":false},"featured_media":1550,"comment_status":"open","ping_status":"closed","template":"","meta":[],"product_cat":[158,146,147,149],"product_tag":[],"yst_prominent_words":[416],"_links":{"self":[{"href":"https:\/\/www.mikatani.com\/boutique\/wp-json\/wp\/v2\/product\/1554"}],"collection":[{"href":"https:\/\/www.mikatani.com\/boutique\/wp-json\/wp\/v2\/product"}],"about":[{"href":"https:\/\/www.mikatani.com\/boutique\/wp-json\/wp\/v2\/types\/product"}],"replies":[{"embeddable":true,"href":"https:\/\/www.mikatani.com\/boutique\/wp-json\/wp\/v2\/comments?post=1554"}],"version-history":[{"count":3,"href":"https:\/\/www.mikatani.com\/boutique\/wp-json\/wp\/v2\/product\/1554\/revisions"}],"predecessor-version":[{"id":219794,"href":"https:\/\/www.mikatani.com\/boutique\/wp-json\/wp\/v2\/product\/1554\/revisions\/219794"}],"wp:featuredmedia":[{"embeddable":true,"href":"https:\/\/www.mikatani.com\/boutique\/wp-json\/wp\/v2\/media\/1550"}],"wp:attachment":[{"href":"https:\/\/www.mikatani.com\/boutique\/wp-json\/wp\/v2\/media?parent=1554"}],"wp:term":[{"taxonomy":"product_cat","embeddable":true,"href":"https:\/\/www.mikatani.com\/boutique\/wp-json\/wp\/v2\/product_cat?post=1554"},{"taxonomy":"product_tag","embeddable":true,"href":"https:\/\/www.mikatani.com\/boutique\/wp-json\/wp\/v2\/product_tag?post=1554"},{"taxonomy":"yst_prominent_words","embeddable":true,"href":"https:\/\/www.mikatani.com\/boutique\/wp-json\/wp\/v2\/yst_prominent_words?post=1554"}],"curies":[{"name":"wp","href":"https:\/\/api.w.org\/{rel}","templated":true}]}}