{"id":1567,"date":"2018-02-18T00:30:40","date_gmt":"2018-02-17T23:30:40","guid":{"rendered":"https:\/\/www.mikatani.com\/boutique\/japon\/cadeau-japonais\/kimono-japonais-court-soie-rouge-paix-et-amour"},"modified":"2020-12-07T16:42:28","modified_gmt":"2020-12-07T15:42:28","slug":"kimono-japonais-court-soie-rouge-paix-et-amour","status":"publish","type":"product","link":"https:\/\/www.mikatani.com\/boutique\/kimono\/kimono-femme\/kimono-japonais-court-soie-rouge-paix-et-amour","title":{"rendered":"Kimono japonais court soie rouge paix et amour"},"content":{"rendered":"<p>Con\u00e7u et fabriqu\u00e9 au Japon \u00e0 partir d&#8217;une luxueuse soie imprim\u00e9e, ce kimono japonais authentique (ou yukata) poss\u00e8de des manches droites et une poche unique. Port\u00e9 en l&#8217;enroulant sur la gauche et en l&#8217;attachant sans serrer \u00e0 l&#8217;aide de la ceinture ou de l&#8217; obi . Le Kimono japonais imprim\u00e9 court rouge en soie est \u00e9l\u00e9gant, agr\u00e9able \u00e0 porter et incroyablement doux au toucher, le cadeau japonais id\u00e9al pour une femme pour se d\u00e9tendre \u00e0 la maison ou en vacances !<\/p>\n<p>Taille : Longueur au genou, 107cm. Id\u00e9al pour les femmes de toute taille.<\/p>\n","protected":false},"excerpt":{"rendered":"<p>Imaginez vous dans ce Kimono japonais court en soie rouge imprim\u00e9e, un beau kimono japonais en soie rouge avec des grues blanches, ou tsuru , qui repr\u00e9sentent la paix et l&#8217;amour au Japon.<\/p>\n","protected":false},"featured_media":1564,"comment_status":"open","ping_status":"closed","template":"","meta":[],"product_cat":[171,176,180],"product_tag":[],"yst_prominent_words":[1613,416,388,480,481,484],"_links":{"self":[{"href":"https:\/\/www.mikatani.com\/boutique\/wp-json\/wp\/v2\/product\/1567"}],"collection":[{"href":"https:\/\/www.mikatani.com\/boutique\/wp-json\/wp\/v2\/product"}],"about":[{"href":"https:\/\/www.mikatani.com\/boutique\/wp-json\/wp\/v2\/types\/product"}],"replies":[{"embeddable":true,"href":"https:\/\/www.mikatani.com\/boutique\/wp-json\/wp\/v2\/comments?post=1567"}],"version-history":[{"count":2,"href":"https:\/\/www.mikatani.com\/boutique\/wp-json\/wp\/v2\/product\/1567\/revisions"}],"predecessor-version":[{"id":551242,"href":"https:\/\/www.mikatani.com\/boutique\/wp-json\/wp\/v2\/product\/1567\/revisions\/551242"}],"wp:featuredmedia":[{"embeddable":true,"href":"https:\/\/www.mikatani.com\/boutique\/wp-json\/wp\/v2\/media\/1564"}],"wp:attachment":[{"href":"https:\/\/www.mikatani.com\/boutique\/wp-json\/wp\/v2\/media?parent=1567"}],"wp:term":[{"taxonomy":"product_cat","embeddable":true,"href":"https:\/\/www.mikatani.com\/boutique\/wp-json\/wp\/v2\/product_cat?post=1567"},{"taxonomy":"product_tag","embeddable":true,"href":"https:\/\/www.mikatani.com\/boutique\/wp-json\/wp\/v2\/product_tag?post=1567"},{"taxonomy":"yst_prominent_words","embeddable":true,"href":"https:\/\/www.mikatani.com\/boutique\/wp-json\/wp\/v2\/yst_prominent_words?post=1567"}],"curies":[{"name":"wp","href":"https:\/\/api.w.org\/{rel}","templated":true}]}}