{"id":1573,"date":"2018-05-20T17:12:51","date_gmt":"2018-05-20T15:12:51","guid":{"rendered":"https:\/\/www.mikatani.com\/boutique\/japon\/produits-traditionnels\/kimono\/kimono-fille\/kimono-japonais-rouge-fille-10-11-ans"},"modified":"2021-05-02T15:02:29","modified_gmt":"2021-05-02T13:02:29","slug":"kimono-japonais-rouge-fille-10-11-ans","status":"publish","type":"product","link":"https:\/\/www.mikatani.com\/boutique\/kimono\/kimono-fille\/kimono-japonais-rouge-fille-10-11-ans","title":{"rendered":"Kimono japonais de 10 \u00e0 11 ans rouge pour fille"},"content":{"rendered":"<p>Fabriqu\u00e9 au Japon dans le style traditionnel japonais et dispose d&#8217;un magnifique motif floral or et rose.<br \/>\nTaille: Kimono longueur 114 cm, id\u00e9al pour une fille de 10 \u00e0 11 ans de 140 \u00e0 146 cm de haut.<br \/>\nFacile \u00e0 laver, confortable \u00e0 porter et parfait pour se d\u00e9tendre \u00e0 la maison ou en vacances!<br \/>\nUn cadeau japonais tr\u00e8s sp\u00e9cial pour une fille ou une petite fille, digne d&#8217;une petite princesse!<\/p>\n<p>Tr\u00e8s beau kimono japonais pour filles en coton rouge. Un authentique kimono japonais pour les filles fabriqu\u00e9 \u00e0 partir d&#8217;un coton pur et doux, avec un magnifique motif floral dor\u00e9 et multicolore. Fabriqu\u00e9 \u00e0 Kyoto, ce tr\u00e8s joli kimono pour enfants est parfait pour se d\u00e9tendre dans un confort et un style original \u00e0 la maison ou en vacances! Il a \u00e9t\u00e9 con\u00e7u dans le style japonais traditionnel et se met simplement sur la gauche et est attach\u00e9 avec la ceinture ou obi, qui est inclus. Exclusif \u00e0 la Lavable \u00e0 la machine, le Kimono japonais poue fille en coton rouge serait un cadeau japonais original pour une fille, digne d&#8217;une princesse!<\/p>\n<p>Taille : Kimono longueur 114 cm, id\u00e9al pour une fille de 10 \u00e0 11 ans de 140 \u00e0 146 cm de haut<\/p>\n","protected":false},"excerpt":{"rendered":"<p>Pour une fille de 10 \u00e0 11 ans, Kimono japonais en coton rouge fabriqu\u00e9 \u00e0 partir d&#8217;un \u00e9l\u00e9gant coton pur doux et l\u00e9ger.<\/p>\n","protected":false},"featured_media":1569,"comment_status":"open","ping_status":"closed","template":"","meta":[],"product_cat":[182,185],"product_tag":[],"yst_prominent_words":[1663,1666,1677,1668,1660,1655,1679,1658,1675,480,1674,1651,1646,1676,1653,1669,1678,1672,1648,1644],"_links":{"self":[{"href":"https:\/\/www.mikatani.com\/boutique\/wp-json\/wp\/v2\/product\/1573"}],"collection":[{"href":"https:\/\/www.mikatani.com\/boutique\/wp-json\/wp\/v2\/product"}],"about":[{"href":"https:\/\/www.mikatani.com\/boutique\/wp-json\/wp\/v2\/types\/product"}],"replies":[{"embeddable":true,"href":"https:\/\/www.mikatani.com\/boutique\/wp-json\/wp\/v2\/comments?post=1573"}],"version-history":[{"count":1,"href":"https:\/\/www.mikatani.com\/boutique\/wp-json\/wp\/v2\/product\/1573\/revisions"}],"predecessor-version":[{"id":1246193,"href":"https:\/\/www.mikatani.com\/boutique\/wp-json\/wp\/v2\/product\/1573\/revisions\/1246193"}],"wp:featuredmedia":[{"embeddable":true,"href":"https:\/\/www.mikatani.com\/boutique\/wp-json\/wp\/v2\/media\/1569"}],"wp:attachment":[{"href":"https:\/\/www.mikatani.com\/boutique\/wp-json\/wp\/v2\/media?parent=1573"}],"wp:term":[{"taxonomy":"product_cat","embeddable":true,"href":"https:\/\/www.mikatani.com\/boutique\/wp-json\/wp\/v2\/product_cat?post=1573"},{"taxonomy":"product_tag","embeddable":true,"href":"https:\/\/www.mikatani.com\/boutique\/wp-json\/wp\/v2\/product_tag?post=1573"},{"taxonomy":"yst_prominent_words","embeddable":true,"href":"https:\/\/www.mikatani.com\/boutique\/wp-json\/wp\/v2\/yst_prominent_words?post=1573"}],"curies":[{"name":"wp","href":"https:\/\/api.w.org\/{rel}","templated":true}]}}