{"id":1594,"date":"2018-06-06T11:12:13","date_gmt":"2018-06-06T09:12:13","guid":{"rendered":"https:\/\/www.mikatani.com\/boutique\/japon\/cadeau-japonais\/elastique-a-cheveux-japonais-noir-a-fleurs"},"modified":"2019-11-05T14:18:50","modified_gmt":"2019-11-05T13:18:50","slug":"elastique-a-cheveux-japonais-noir-a-fleurs","status":"publish","type":"product","link":"https:\/\/www.mikatani.com\/boutique\/mode-vetements\/bijoux-kawaii\/accessoires-cheveux\/elastique-a-cheveux-japonais-noir-a-fleurs","title":{"rendered":"Elastique \u00e0 cheveux japonais noir \u00e0 fleurs"},"content":{"rendered":"<p>L&#8217;\u00e9lastique \u00e0 cheveux japonais noir \u00e0 fleurs est un parfait petit cadeau japonais pour vous les filles pour cr\u00e9er ce look japonais authentique<\/p>\n<p>! Les couleurs et les dessins peuvent varier l\u00e9g\u00e8rement.<\/p>\n<p>Taille: 4 cm de diam\u00e8tre<\/p>\n","protected":false},"excerpt":{"rendered":"<p>Soyez glamour avec notre \u00e9lastique \u00e0 cheveux japonais noir \u00e0 fleurs, un \u00e9lastique japonais en acrylique noir avec un joli motif floral rouge et blanc.<\/p>\n","protected":false},"featured_media":1592,"comment_status":"open","ping_status":"closed","template":"","meta":[],"product_cat":[167,146,151],"product_tag":[],"yst_prominent_words":[416],"_links":{"self":[{"href":"https:\/\/www.mikatani.com\/boutique\/wp-json\/wp\/v2\/product\/1594"}],"collection":[{"href":"https:\/\/www.mikatani.com\/boutique\/wp-json\/wp\/v2\/product"}],"about":[{"href":"https:\/\/www.mikatani.com\/boutique\/wp-json\/wp\/v2\/types\/product"}],"replies":[{"embeddable":true,"href":"https:\/\/www.mikatani.com\/boutique\/wp-json\/wp\/v2\/comments?post=1594"}],"version-history":[{"count":0,"href":"https:\/\/www.mikatani.com\/boutique\/wp-json\/wp\/v2\/product\/1594\/revisions"}],"wp:featuredmedia":[{"embeddable":true,"href":"https:\/\/www.mikatani.com\/boutique\/wp-json\/wp\/v2\/media\/1592"}],"wp:attachment":[{"href":"https:\/\/www.mikatani.com\/boutique\/wp-json\/wp\/v2\/media?parent=1594"}],"wp:term":[{"taxonomy":"product_cat","embeddable":true,"href":"https:\/\/www.mikatani.com\/boutique\/wp-json\/wp\/v2\/product_cat?post=1594"},{"taxonomy":"product_tag","embeddable":true,"href":"https:\/\/www.mikatani.com\/boutique\/wp-json\/wp\/v2\/product_tag?post=1594"},{"taxonomy":"yst_prominent_words","embeddable":true,"href":"https:\/\/www.mikatani.com\/boutique\/wp-json\/wp\/v2\/yst_prominent_words?post=1594"}],"curies":[{"name":"wp","href":"https:\/\/api.w.org\/{rel}","templated":true}]}}