{"id":198277,"date":"2019-11-24T21:43:35","date_gmt":"2019-11-24T20:43:35","guid":{"rendered":"https:\/\/www.mikatani.com\/boutique\/?post_type=product&#038;p=198277"},"modified":"2025-09-30T01:11:51","modified_gmt":"2025-09-29T23:11:51","slug":"yukata-japonais-homme-coton-noir","status":"publish","type":"product","link":"https:\/\/www.mikatani.com\/boutique\/kimono\/kimono-homme\/yukata-japonais-homme-coton-noir","title":{"rendered":"Yukata japonais pour homme en coton noir"},"content":{"rendered":"<p>Fabriqu\u00e9 \u00e0 Kyoto avec des manches parfaitement coup\u00e9es, ce yukata traditionnel japonais, ou kimono l\u00e9ger, vous enveloppe et s\u2019attache sans serrer avec la ceinture ou l\u2019 obi assorti, inclus. Ce kimono pour homme est parfait pour se d\u00e9tendre \u00e0 la maison ou en vacances et il est \u00e9galement lavable en machine! Le yukata japonais en coton noir pour homme est un cadeau japonais merveilleux \u00e0 offrir ou \u00e0 s&#8217;offrir!<\/p>\n","protected":false},"excerpt":{"rendered":"<p>Ayez fi\u00e8re allure dans le Yukata japonais en coton noir, un authentique kimono japonais pour homme !<br \/>\nFabriqu\u00e9 \u00e0 Kyoto \u00e0 partir d&#8217;un pur coton avec un design g\u00e9om\u00e9trique \u00e0 pois blancs et gris tr\u00e8s \u00e9l\u00e9gant!<br \/>\nBien coup\u00e9, ce kimono fait 150 cm de long et convient aux hommes \u00e0 partir de 1,70m.<\/p>\n","protected":false},"featured_media":198315,"comment_status":"open","ping_status":"closed","template":"","meta":[],"product_cat":[164,183,185,146,186,150,130],"product_tag":[],"yst_prominent_words":[1589,416,388,414],"_links":{"self":[{"href":"https:\/\/www.mikatani.com\/boutique\/wp-json\/wp\/v2\/product\/198277"}],"collection":[{"href":"https:\/\/www.mikatani.com\/boutique\/wp-json\/wp\/v2\/product"}],"about":[{"href":"https:\/\/www.mikatani.com\/boutique\/wp-json\/wp\/v2\/types\/product"}],"replies":[{"embeddable":true,"href":"https:\/\/www.mikatani.com\/boutique\/wp-json\/wp\/v2\/comments?post=198277"}],"version-history":[{"count":1,"href":"https:\/\/www.mikatani.com\/boutique\/wp-json\/wp\/v2\/product\/198277\/revisions"}],"predecessor-version":[{"id":198371,"href":"https:\/\/www.mikatani.com\/boutique\/wp-json\/wp\/v2\/product\/198277\/revisions\/198371"}],"wp:featuredmedia":[{"embeddable":true,"href":"https:\/\/www.mikatani.com\/boutique\/wp-json\/wp\/v2\/media\/198315"}],"wp:attachment":[{"href":"https:\/\/www.mikatani.com\/boutique\/wp-json\/wp\/v2\/media?parent=198277"}],"wp:term":[{"taxonomy":"product_cat","embeddable":true,"href":"https:\/\/www.mikatani.com\/boutique\/wp-json\/wp\/v2\/product_cat?post=198277"},{"taxonomy":"product_tag","embeddable":true,"href":"https:\/\/www.mikatani.com\/boutique\/wp-json\/wp\/v2\/product_tag?post=198277"},{"taxonomy":"yst_prominent_words","embeddable":true,"href":"https:\/\/www.mikatani.com\/boutique\/wp-json\/wp\/v2\/yst_prominent_words?post=198277"}],"curies":[{"name":"wp","href":"https:\/\/api.w.org\/{rel}","templated":true}]}}