{"id":198376,"date":"2019-11-25T01:29:35","date_gmt":"2019-11-25T00:29:35","guid":{"rendered":"https:\/\/www.mikatani.com\/boutique\/?post_type=product&#038;p=198376"},"modified":"2020-12-03T17:48:58","modified_gmt":"2020-12-03T16:48:58","slug":"kimono-femme-court-noir-grues","status":"publish","type":"product","link":"https:\/\/www.mikatani.com\/boutique\/kimono\/kimono-femme\/kimono-femme-court-noir-grues","title":{"rendered":"Kimono femme court noir motifs grues et fleurs"},"content":{"rendered":"<p>Pour un look plus \u00e9l\u00e9gant, pensez au kimono femme court noir motifs grues et fleurs pour vous sentir bien \u00e0 chaque fois que vous le portez! Fabriqu\u00e9 \u00e0 Kyoto, ce kimono japonais tr\u00e8s \u00e9l\u00e9gant peut \u00eatre port\u00e9 comme une robe de chambre japonaise ou par-dessus un jean pour un style encore plus boho! Avec des manches standard et 2 poches \u00e0 l&#8217;avant, il se porte tr\u00e8s facilement! Dans une belle couleur de base noir de jais avec des grues volantes blanches et grises ( qui symbolisent la paix et l&#8217;amour au Japon ) et un imprim\u00e9 floral rose magnifique. Ce kimono est simple d\u2019entretien, il suffit de le laver en machine \u00e0 40 \u00b0 C et d\u2019utiliser un fer doux \u00e0 temp\u00e9rature moyenne.<\/p>\n","protected":false},"excerpt":{"rendered":"<p>Pour un look plus \u00e9l\u00e9gant, pensez au kimono  le Kimono femme court noir motifs grues !<br \/>\nUn magnifique kimono noir de jais avec de belles grues blanches (qui symbolisent la paix et l&#8217;amour au Japon) et un imprim\u00e9 floral rose!<br \/>\nTaille: Aux genoux, 107cm de long, id\u00e9al pour les femmes de toutes les tailles.<br \/>\nFabriqu\u00e9 \u00e0 Kyoto, lavable en machine avec des manches standard, 2 poches et une ceinture ou un obi inclus!<br \/>\nId\u00e9al pour se d\u00e9tendre au petit-d\u00e9jeuner, au bord de la piscine ou pour se d\u00e9tendre, un cadeau japonais parfait!<\/p>\n","protected":false},"featured_media":199118,"comment_status":"open","ping_status":"closed","template":"","meta":[],"product_cat":[365,171,180,185,150],"product_tag":[],"yst_prominent_words":[487,488,388,482],"_links":{"self":[{"href":"https:\/\/www.mikatani.com\/boutique\/wp-json\/wp\/v2\/product\/198376"}],"collection":[{"href":"https:\/\/www.mikatani.com\/boutique\/wp-json\/wp\/v2\/product"}],"about":[{"href":"https:\/\/www.mikatani.com\/boutique\/wp-json\/wp\/v2\/types\/product"}],"replies":[{"embeddable":true,"href":"https:\/\/www.mikatani.com\/boutique\/wp-json\/wp\/v2\/comments?post=198376"}],"version-history":[{"count":1,"href":"https:\/\/www.mikatani.com\/boutique\/wp-json\/wp\/v2\/product\/198376\/revisions"}],"predecessor-version":[{"id":198443,"href":"https:\/\/www.mikatani.com\/boutique\/wp-json\/wp\/v2\/product\/198376\/revisions\/198443"}],"wp:featuredmedia":[{"embeddable":true,"href":"https:\/\/www.mikatani.com\/boutique\/wp-json\/wp\/v2\/media\/199118"}],"wp:attachment":[{"href":"https:\/\/www.mikatani.com\/boutique\/wp-json\/wp\/v2\/media?parent=198376"}],"wp:term":[{"taxonomy":"product_cat","embeddable":true,"href":"https:\/\/www.mikatani.com\/boutique\/wp-json\/wp\/v2\/product_cat?post=198376"},{"taxonomy":"product_tag","embeddable":true,"href":"https:\/\/www.mikatani.com\/boutique\/wp-json\/wp\/v2\/product_tag?post=198376"},{"taxonomy":"yst_prominent_words","embeddable":true,"href":"https:\/\/www.mikatani.com\/boutique\/wp-json\/wp\/v2\/yst_prominent_words?post=198376"}],"curies":[{"name":"wp","href":"https:\/\/api.w.org\/{rel}","templated":true}]}}