{"id":2799,"date":"2019-04-29T19:10:10","date_gmt":"2019-04-29T17:10:10","guid":{"rendered":"https:\/\/www.mikatani.com\/boutique\/?post_type=product&#038;p=2799"},"modified":"2020-11-30T10:15:51","modified_gmt":"2020-11-30T09:15:51","slug":"stylo-pinceau-etui-calligraphie-japonaise-noirs","status":"publish","type":"product","link":"https:\/\/www.mikatani.com\/boutique\/produits-traditionnels\/papeterie-kawaii\/calligraphie\/stylo-pinceau-etui-calligraphie-japonaise-noirs","title":{"rendered":"Stylo pinceau et \u00e9tui de calligraphie japonaise noirs"},"content":{"rendered":"<p>Ce stylo japonais tr\u00e8s \u00e9l\u00e9gant a un pinceau fin fait \u00e0 la main, est d\u00e9cor\u00e9 avec d&#8217;un papier washi floral noir, rouge et blanc et est livr\u00e9 avec un petit \u00e9tui \/ trousse \u00e0 stylos assorti.<\/p>\n<p>Originaire de Chine, la calligraphie japonaise, ou shodo, est la cr\u00e9ation de mots et de caract\u00e8res sur papier \u00e0 l&#8217;aide de pinceaux et d&#8217;encre.<\/p>\n<p>Le stylo pinceau et son \u00e9tui de calligraphie japonaise noirs sont parfaits pour la calligraphie, le sumi-e et autres illustrations, ainsi qu&#8217;un joli petit cadeau japonais pour les calligraphes d\u00e9butants et exp\u00e9riment\u00e9s !<\/p>\n<p>Stylo : 17.5 cm de long<\/p>\n<p>\u00c9tui : 20.5 cm de long x 5.5 cm de large x 1.5 cm de profondeur<\/p>\n","protected":false},"excerpt":{"rendered":"<p>Le stylo pinceau et l&#8217;\u00e9tui de calligraphie japonaise noirs est compos\u00e9 d&#8217;un tr\u00e8s joli pinceau japonais pour stylo charg\u00e9 d&#8217;encre, qui vous permettra de cr\u00e9er votre propre art japonais !<\/p>\n","protected":false},"featured_media":2802,"comment_status":"open","ping_status":"closed","template":"","meta":[],"product_cat":[332,159,165,129,142,146,147,130],"product_tag":[],"yst_prominent_words":[1596,1587,475,1594,1608,416,498,1618,1616,1603],"_links":{"self":[{"href":"https:\/\/www.mikatani.com\/boutique\/wp-json\/wp\/v2\/product\/2799"}],"collection":[{"href":"https:\/\/www.mikatani.com\/boutique\/wp-json\/wp\/v2\/product"}],"about":[{"href":"https:\/\/www.mikatani.com\/boutique\/wp-json\/wp\/v2\/types\/product"}],"replies":[{"embeddable":true,"href":"https:\/\/www.mikatani.com\/boutique\/wp-json\/wp\/v2\/comments?post=2799"}],"version-history":[{"count":2,"href":"https:\/\/www.mikatani.com\/boutique\/wp-json\/wp\/v2\/product\/2799\/revisions"}],"predecessor-version":[{"id":3377,"href":"https:\/\/www.mikatani.com\/boutique\/wp-json\/wp\/v2\/product\/2799\/revisions\/3377"}],"wp:featuredmedia":[{"embeddable":true,"href":"https:\/\/www.mikatani.com\/boutique\/wp-json\/wp\/v2\/media\/2802"}],"wp:attachment":[{"href":"https:\/\/www.mikatani.com\/boutique\/wp-json\/wp\/v2\/media?parent=2799"}],"wp:term":[{"taxonomy":"product_cat","embeddable":true,"href":"https:\/\/www.mikatani.com\/boutique\/wp-json\/wp\/v2\/product_cat?post=2799"},{"taxonomy":"product_tag","embeddable":true,"href":"https:\/\/www.mikatani.com\/boutique\/wp-json\/wp\/v2\/product_tag?post=2799"},{"taxonomy":"yst_prominent_words","embeddable":true,"href":"https:\/\/www.mikatani.com\/boutique\/wp-json\/wp\/v2\/yst_prominent_words?post=2799"}],"curies":[{"name":"wp","href":"https:\/\/api.w.org\/{rel}","templated":true}]}}