{"id":2826,"date":"2019-04-30T13:40:13","date_gmt":"2019-04-30T11:40:13","guid":{"rendered":"https:\/\/www.mikatani.com\/boutique\/?post_type=product&#038;p=2826"},"modified":"2020-08-13T10:06:50","modified_gmt":"2020-08-13T08:06:50","slug":"carte-felicitation-japonaise-kanji","status":"publish","type":"product","link":"https:\/\/www.mikatani.com\/boutique\/produits-traditionnels\/papeterie-kawaii\/carte-de-voeux-japonaise\/carte-felicitation-japonaise-kanji","title":{"rendered":"Carte de f\u00e9licitations japonaise Kanji"},"content":{"rendered":"<p>Fabriqu\u00e9e au Japon, cette tr\u00e8s jolie carte japonaise contient un insert couleur cr\u00e8me non fix\u00e9 sur lequel vous pouvez \u00e9crire votre propre message, et est livr\u00e9e avec une enveloppe de cr\u00e8me assortie !<\/p>\n<p>Taille : 10 cm x 15 cm<\/p>\n","protected":false},"excerpt":{"rendered":"<p>La carte de f\u00e9licitations japonaise Kanji est une \u00e9l\u00e9gante carte de v\u0153ux japonaise sur laquelle est inscrit le caract\u00e8re kanji de f\u00e9licitations mont\u00e9 sur une carte textur\u00e9e de couleur orange.<\/p>\n","protected":false},"featured_media":2827,"comment_status":"open","ping_status":"closed","template":"","meta":[],"product_cat":[334,129,142,147,149,130],"product_tag":[],"yst_prominent_words":[475,492],"_links":{"self":[{"href":"https:\/\/www.mikatani.com\/boutique\/wp-json\/wp\/v2\/product\/2826"}],"collection":[{"href":"https:\/\/www.mikatani.com\/boutique\/wp-json\/wp\/v2\/product"}],"about":[{"href":"https:\/\/www.mikatani.com\/boutique\/wp-json\/wp\/v2\/types\/product"}],"replies":[{"embeddable":true,"href":"https:\/\/www.mikatani.com\/boutique\/wp-json\/wp\/v2\/comments?post=2826"}],"version-history":[{"count":1,"href":"https:\/\/www.mikatani.com\/boutique\/wp-json\/wp\/v2\/product\/2826\/revisions"}],"predecessor-version":[{"id":702599,"href":"https:\/\/www.mikatani.com\/boutique\/wp-json\/wp\/v2\/product\/2826\/revisions\/702599"}],"wp:featuredmedia":[{"embeddable":true,"href":"https:\/\/www.mikatani.com\/boutique\/wp-json\/wp\/v2\/media\/2827"}],"wp:attachment":[{"href":"https:\/\/www.mikatani.com\/boutique\/wp-json\/wp\/v2\/media?parent=2826"}],"wp:term":[{"taxonomy":"product_cat","embeddable":true,"href":"https:\/\/www.mikatani.com\/boutique\/wp-json\/wp\/v2\/product_cat?post=2826"},{"taxonomy":"product_tag","embeddable":true,"href":"https:\/\/www.mikatani.com\/boutique\/wp-json\/wp\/v2\/product_tag?post=2826"},{"taxonomy":"yst_prominent_words","embeddable":true,"href":"https:\/\/www.mikatani.com\/boutique\/wp-json\/wp\/v2\/yst_prominent_words?post=2826"}],"curies":[{"name":"wp","href":"https:\/\/api.w.org\/{rel}","templated":true}]}}