{"id":2828,"date":"2019-04-30T13:41:49","date_gmt":"2019-04-30T11:41:49","guid":{"rendered":"https:\/\/www.mikatani.com\/boutique\/?post_type=product&#038;p=2828"},"modified":"2020-09-28T13:09:45","modified_gmt":"2020-09-28T11:09:45","slug":"carte-voeux-mariage-heureux-japonaise-kanji","status":"publish","type":"product","link":"https:\/\/www.mikatani.com\/boutique\/produits-traditionnels\/papeterie-kawaii\/carte-de-voeux-japonaise\/carte-voeux-mariage-heureux-japonaise-kanji","title":{"rendered":"Carte de v\u0153ux pour un mariage heureux japonaise Kanji"},"content":{"rendered":"<p>Fabriqu\u00e9e au Japon, cette tr\u00e8s jolie carte japonaise contient un insert couleur cr\u00e8me non fix\u00e9 sur lequel vous pouvez \u00e9crire votre propre message, et est livr\u00e9e avec une enveloppe de cr\u00e8me assortie !<\/p>\n<p>Taille : 10 cm x 15 cm<\/p>\n","protected":false},"excerpt":{"rendered":"<p>La carte de v\u0153ux pour un mariage heureux japonaise Kanji est une \u00e9l\u00e9gante carte de v\u0153ux japonaise sur laquelle est inscrit le caract\u00e8re kanji du mariage heureux mont\u00e9 sur une carte textur\u00e9e de couleur rose.<\/p>\n","protected":false},"featured_media":2831,"comment_status":"open","ping_status":"closed","template":"","meta":[],"product_cat":[334,129,142,147,130],"product_tag":[],"yst_prominent_words":[475,492],"_links":{"self":[{"href":"https:\/\/www.mikatani.com\/boutique\/wp-json\/wp\/v2\/product\/2828"}],"collection":[{"href":"https:\/\/www.mikatani.com\/boutique\/wp-json\/wp\/v2\/product"}],"about":[{"href":"https:\/\/www.mikatani.com\/boutique\/wp-json\/wp\/v2\/types\/product"}],"replies":[{"embeddable":true,"href":"https:\/\/www.mikatani.com\/boutique\/wp-json\/wp\/v2\/comments?post=2828"}],"version-history":[{"count":1,"href":"https:\/\/www.mikatani.com\/boutique\/wp-json\/wp\/v2\/product\/2828\/revisions"}],"predecessor-version":[{"id":410832,"href":"https:\/\/www.mikatani.com\/boutique\/wp-json\/wp\/v2\/product\/2828\/revisions\/410832"}],"wp:featuredmedia":[{"embeddable":true,"href":"https:\/\/www.mikatani.com\/boutique\/wp-json\/wp\/v2\/media\/2831"}],"wp:attachment":[{"href":"https:\/\/www.mikatani.com\/boutique\/wp-json\/wp\/v2\/media?parent=2828"}],"wp:term":[{"taxonomy":"product_cat","embeddable":true,"href":"https:\/\/www.mikatani.com\/boutique\/wp-json\/wp\/v2\/product_cat?post=2828"},{"taxonomy":"product_tag","embeddable":true,"href":"https:\/\/www.mikatani.com\/boutique\/wp-json\/wp\/v2\/product_tag?post=2828"},{"taxonomy":"yst_prominent_words","embeddable":true,"href":"https:\/\/www.mikatani.com\/boutique\/wp-json\/wp\/v2\/yst_prominent_words?post=2828"}],"curies":[{"name":"wp","href":"https:\/\/api.w.org\/{rel}","templated":true}]}}