{"id":2837,"date":"2019-04-30T14:42:58","date_gmt":"2019-04-30T12:42:58","guid":{"rendered":"https:\/\/www.mikatani.com\/boutique\/?post_type=product&#038;p=2837"},"modified":"2020-12-10T23:21:54","modified_gmt":"2020-12-10T22:21:54","slug":"poupee-kokeshi-lullaby-reve-mere-bebe","status":"publish","type":"product","link":"https:\/\/www.mikatani.com\/boutique\/produits-traditionnels\/kokeshi-poupee-japonaise\/kokeshi\/poupee-kokeshi-lullaby-reve-mere-bebe","title":{"rendered":"Poup\u00e9e Kokeshi Lullaby R\u00eave M\u00e8re et B\u00e9b\u00e9"},"content":{"rendered":"<p>Nous aimons l&#8217;halo de paix et de satisfaction qui entoure cette m\u00e8re lorsqu&#8217;elle berce son b\u00e9b\u00e9 comme ce que toute jeune maman ressent dans la vraie vie lorsqu&#8217;elle berce son b\u00e9b\u00e9 !<\/p>\n<p>Taille : 19 cm de haut<\/p>\n","protected":false},"excerpt":{"rendered":"<p>La poup\u00e9e Kokeshi Lullaby R\u00eave M\u00e8re et B\u00e9b\u00e9 est le cadeau de naissance japonais id\u00e9al pour les jeunes mamans.<\/p>\n","protected":false},"featured_media":2838,"comment_status":"open","ping_status":"closed","template":"","meta":[],"product_cat":[161,132,129,149,130],"product_tag":[],"yst_prominent_words":[1614,1610,1593,1604,1600,1586],"_links":{"self":[{"href":"https:\/\/www.mikatani.com\/boutique\/wp-json\/wp\/v2\/product\/2837"}],"collection":[{"href":"https:\/\/www.mikatani.com\/boutique\/wp-json\/wp\/v2\/product"}],"about":[{"href":"https:\/\/www.mikatani.com\/boutique\/wp-json\/wp\/v2\/types\/product"}],"replies":[{"embeddable":true,"href":"https:\/\/www.mikatani.com\/boutique\/wp-json\/wp\/v2\/comments?post=2837"}],"version-history":[{"count":2,"href":"https:\/\/www.mikatani.com\/boutique\/wp-json\/wp\/v2\/product\/2837\/revisions"}],"predecessor-version":[{"id":410716,"href":"https:\/\/www.mikatani.com\/boutique\/wp-json\/wp\/v2\/product\/2837\/revisions\/410716"}],"wp:featuredmedia":[{"embeddable":true,"href":"https:\/\/www.mikatani.com\/boutique\/wp-json\/wp\/v2\/media\/2838"}],"wp:attachment":[{"href":"https:\/\/www.mikatani.com\/boutique\/wp-json\/wp\/v2\/media?parent=2837"}],"wp:term":[{"taxonomy":"product_cat","embeddable":true,"href":"https:\/\/www.mikatani.com\/boutique\/wp-json\/wp\/v2\/product_cat?post=2837"},{"taxonomy":"product_tag","embeddable":true,"href":"https:\/\/www.mikatani.com\/boutique\/wp-json\/wp\/v2\/product_tag?post=2837"},{"taxonomy":"yst_prominent_words","embeddable":true,"href":"https:\/\/www.mikatani.com\/boutique\/wp-json\/wp\/v2\/yst_prominent_words?post=2837"}],"curies":[{"name":"wp","href":"https:\/\/api.w.org\/{rel}","templated":true}]}}