{"id":3338,"date":"2019-11-06T11:53:35","date_gmt":"2019-11-06T10:53:35","guid":{"rendered":"https:\/\/www.mikatani.com\/boutique\/?post_type=product&#038;p=3338"},"modified":"2024-06-28T22:21:29","modified_gmt":"2024-06-28T20:21:29","slug":"kimono-japonais-noir-fleurs-de-cerisier","status":"publish","type":"product","link":"https:\/\/www.mikatani.com\/boutique\/kimono\/kimono-japonais-noir-fleurs-de-cerisier","title":{"rendered":"Kimono japonais noir polyester Fleurs de cerisier"},"content":{"rendered":"<p>Si vous \u00eates la recherche d&#8217;un tr\u00e8s joli kimono japonais authentique, pensez \u00e0 ce <strong>kimono japonais noir Fleurs de cerisier<\/strong> !<br \/>\nUn kimono long avec de belles fleurs de cerisier rouges, blanches, roses et vertes ainsi qu&#8217;un imprim\u00e9 dor\u00e9 de temple japonais !<br \/>\nTaille : 140cm de long, id\u00e9al pour les femmes \u00e0 partir de 1,62m.<br \/>\nCon\u00e7u et fabriqu\u00e9 \u00e0 Kyoto de fa\u00e7on traditionnelle avec des manches enti\u00e8rement coup\u00e9es qui peuvent aussi \u00eatre utilis\u00e9es comme poches !<br \/>\nLavable en machine et parfait pour vous d\u00e9tendre \u00e0 la maison ou en vacances apr\u00e8s une longue journ\u00e9e chaude \u00e0 la plage !<\/p>\n","protected":false},"excerpt":{"rendered":"<p>Le kimono japonais noir en polyester fleurs de cerisier Polyester est un de nos coups de coeur de l&#8217;ann\u00e9e ! Au Japon, le kimono se porte g\u00e9n\u00e9ralement avec la partie gauche sur la droite et se noue avec la ceinture obie fournie sans serrer \u00e0 l&#8217;avant ou \u00e0 l&#8217;arri\u00e8re. Pour l&#8217;entretien, il suffit de laver \u00e0 la machine \u00e0 40 degr\u00e9s et d&#8217;utiliser un fer \u00e0 repasser moyennement chaud tout en douceur. Avec son toucher doux, le kimono japonais en polyester noir fleurs de cerisier est parfait pour vous d\u00e9tendre \u00e0 la maison ou en vacances et c&#8217;est aussi un cadeau original et tr\u00e8s \u00e9l\u00e9gant !<\/p>\n","protected":false},"featured_media":3340,"comment_status":"open","ping_status":"closed","template":"","meta":[],"product_cat":[365,171,183,185,146,147,186,150],"product_tag":[],"yst_prominent_words":[491,490,489,416,388,480],"_links":{"self":[{"href":"https:\/\/www.mikatani.com\/boutique\/wp-json\/wp\/v2\/product\/3338"}],"collection":[{"href":"https:\/\/www.mikatani.com\/boutique\/wp-json\/wp\/v2\/product"}],"about":[{"href":"https:\/\/www.mikatani.com\/boutique\/wp-json\/wp\/v2\/types\/product"}],"replies":[{"embeddable":true,"href":"https:\/\/www.mikatani.com\/boutique\/wp-json\/wp\/v2\/comments?post=3338"}],"version-history":[{"count":1,"href":"https:\/\/www.mikatani.com\/boutique\/wp-json\/wp\/v2\/product\/3338\/revisions"}],"predecessor-version":[{"id":3339,"href":"https:\/\/www.mikatani.com\/boutique\/wp-json\/wp\/v2\/product\/3338\/revisions\/3339"}],"wp:featuredmedia":[{"embeddable":true,"href":"https:\/\/www.mikatani.com\/boutique\/wp-json\/wp\/v2\/media\/3340"}],"wp:attachment":[{"href":"https:\/\/www.mikatani.com\/boutique\/wp-json\/wp\/v2\/media?parent=3338"}],"wp:term":[{"taxonomy":"product_cat","embeddable":true,"href":"https:\/\/www.mikatani.com\/boutique\/wp-json\/wp\/v2\/product_cat?post=3338"},{"taxonomy":"product_tag","embeddable":true,"href":"https:\/\/www.mikatani.com\/boutique\/wp-json\/wp\/v2\/product_tag?post=3338"},{"taxonomy":"yst_prominent_words","embeddable":true,"href":"https:\/\/www.mikatani.com\/boutique\/wp-json\/wp\/v2\/yst_prominent_words?post=3338"}],"curies":[{"name":"wp","href":"https:\/\/api.w.org\/{rel}","templated":true}]}}