{"id":6030,"date":"2019-11-15T21:38:49","date_gmt":"2019-11-15T20:38:49","guid":{"rendered":"https:\/\/www.mikatani.com\/boutique\/?post_type=product&#038;p=6030"},"modified":"2022-12-05T12:05:39","modified_gmt":"2022-12-05T11:05:39","slug":"kimono-court-rouge-en-soie-floral","status":"publish","type":"product","link":"https:\/\/www.mikatani.com\/boutique\/kimono\/kimono-en-soie\/kimono-court-rouge-en-soie-floral","title":{"rendered":"Kimono court rouge en soie imprim\u00e9 floral"},"content":{"rendered":"<p>Ayez fi\u00e8re allure dans notre ce kimono japonais court rouage en soie \u00e0 imprim\u00e9 floral. Un kimono japonais en pure soie rouge \u00e9carlate orn\u00e9 d\u2019un tr\u00e8s joli motif imprim\u00e9 floral. Ce kimono japonais authentique, ou yukata , aux genoux, a \u00e9t\u00e9 con\u00e7u et fabriqu\u00e9 \u00e0 Kyoto avec des manches coup\u00e9es droites. Il se porte en restant \u00e0 droite et est nou\u00e9 \u00e0 l\u2019avant ou \u00e0 l\u2019arri\u00e8re \u00e0 l\u2019aide de la ceinture ou de l\u2019 obi assorti. Garanti pour impressionner, Kimono court rouge en soie imprim\u00e9 floral est \u00e9l\u00e9gant et d&#8217;une douceur sublime au toucher, le cadeau japonais id\u00e9al pour une femme souhaitant s&#8217;accorder \u00e0 la maison des moments de d\u00e9tente tout en restant chic.<\/p>\n<p>Taille: Longueur au genou, 107 cm de long, id\u00e9al pour toutes tailles.<\/p>\n","protected":false},"excerpt":{"rendered":"<p>Kimono court rouge en soie imprim\u00e9 floral fabriqu\u00e9 \u00e0 Kyoto avec des manches de coupe droite et un superbe imprim\u00e9 floral.<br \/>\nTaille: Longueur au genou, 107 cm de long, id\u00e9al pour les robes de taille 8 \u00e0 14 ans et toutes tailles.<br \/>\nLuxueux, \u00e9l\u00e9gant et tr\u00e8s doux au toucher, garanti pour impressionner!<br \/>\nCadeau japonais parfait pour une femme qui aime se d\u00e9tendre \u00e0 la maison ou en vacances tout en restant chic !<\/p>\n<h2 style=\"text-align: center;\"><span style=\"color: #fbbf28;\"><span style=\"color: #000000;\"><strong><span style=\"color: #d0121a;\">Achetez l&#8217;\u00e9quivalent de ce produit<\/span><\/strong><\/span><\/span><\/h2>\n<h2 style=\"text-align: center;\"><\/h2>\n<h2 style=\"text-align: center;\"><span style=\"color: #fbbf28;\"><span style=\"color: #000000;\"><span style=\"color: #fbbf28;\">\u25bc <\/span><strong><span style=\"color: #d0121a;\">ici<\/span><\/strong><\/span> <span style=\"color: #fbcd28;\">\u25bc<\/span><\/span><\/h2>\n<\/p>\n<p style=\"text-align: center;\"><a rel=\"sponsored noopener\" href=\"https:\/\/www.amazon.fr\/Prettystern-Kimono-Portefeuille-Genoux-Imprim%C3%A9\/dp\/B07TKNKGD9?__mk_fr_FR=%C3%85M%C3%85%C5%BD%C3%95%C3%91&#038;keywords=kimono+femme+soie+rouge&#038;qid=1670238161&#038;refinements=p_72%3A437873031%2Cp_36%3A10000-30000%2Cp_n_material_browse%3A2434157031&#038;rnid=2434142031&#038;s=apparel&#038;sr=1-1&#038;linkCode=li3&#038;tag=mikatani-21&#038;linkId=12638f70931cee2789ed807add301b64&#038;language=fr_FR&#038;ref_=as_li_ss_il\" target=\"_blank\"><img border=\"0\" src=\"\/\/ws-eu.amazon-adsystem.com\/widgets\/q?_encoding=UTF8&#038;ASIN=B07TKNKGD9&#038;Format=_SL250_&#038;ID=AsinImage&#038;MarketPlace=FR&#038;ServiceVersion=20070822&#038;WS=1&#038;tag=mikatani-21&#038;language=fr_FR\" ><\/a><img src=\"https:\/\/ir-fr.amazon-adsystem.com\/e\/ir?t=mikatani-21&#038;language=fr_FR&#038;l=li3&#038;o=8&#038;a=B07TKNKGD9\" width=\"1\" height=\"1\" border=\"0\" alt=\"\" style=\"border:none !important; margin:0px !important;\" \/><\/p>\n","protected":false},"featured_media":9150,"comment_status":"open","ping_status":"closed","template":"","meta":[],"product_cat":[365,171,176,180,150],"product_tag":[],"yst_prominent_words":[1581,1597,1613,479,1580,416,388,480,1609,1350,481],"_links":{"self":[{"href":"https:\/\/www.mikatani.com\/boutique\/wp-json\/wp\/v2\/product\/6030"}],"collection":[{"href":"https:\/\/www.mikatani.com\/boutique\/wp-json\/wp\/v2\/product"}],"about":[{"href":"https:\/\/www.mikatani.com\/boutique\/wp-json\/wp\/v2\/types\/product"}],"replies":[{"embeddable":true,"href":"https:\/\/www.mikatani.com\/boutique\/wp-json\/wp\/v2\/comments?post=6030"}],"version-history":[{"count":4,"href":"https:\/\/www.mikatani.com\/boutique\/wp-json\/wp\/v2\/product\/6030\/revisions"}],"predecessor-version":[{"id":1246690,"href":"https:\/\/www.mikatani.com\/boutique\/wp-json\/wp\/v2\/product\/6030\/revisions\/1246690"}],"wp:featuredmedia":[{"embeddable":true,"href":"https:\/\/www.mikatani.com\/boutique\/wp-json\/wp\/v2\/media\/9150"}],"wp:attachment":[{"href":"https:\/\/www.mikatani.com\/boutique\/wp-json\/wp\/v2\/media?parent=6030"}],"wp:term":[{"taxonomy":"product_cat","embeddable":true,"href":"https:\/\/www.mikatani.com\/boutique\/wp-json\/wp\/v2\/product_cat?post=6030"},{"taxonomy":"product_tag","embeddable":true,"href":"https:\/\/www.mikatani.com\/boutique\/wp-json\/wp\/v2\/product_tag?post=6030"},{"taxonomy":"yst_prominent_words","embeddable":true,"href":"https:\/\/www.mikatani.com\/boutique\/wp-json\/wp\/v2\/yst_prominent_words?post=6030"}],"curies":[{"name":"wp","href":"https:\/\/api.w.org\/{rel}","templated":true}]}}