{"id":634,"date":"2012-05-13T00:00:00","date_gmt":"2012-05-12T22:00:00","guid":{"rendered":"https:\/\/www.mikatani.com\/boutique\/produit-japonais\/pendentif-moustache-collier-retro-old-school-bijou-fantaisie\/"},"modified":"2019-03-21T16:17:16","modified_gmt":"2019-03-21T15:17:16","slug":"pendentif-moustache-collier-retro-old-school-bijou-fantaisie","status":"publish","type":"product","link":"https:\/\/www.mikatani.com\/boutique\/mode-vetements\/bijoux-kawaii\/colliers\/pendentif-moustache-collier-retro-old-school-bijou-fantaisie","title":{"rendered":"Pendentif Moustache"},"content":{"rendered":"<p>Tendance r\u00e9tro pour ce joli collier \u00ab moustache \u00bb en m\u00e9tal dor\u00e9, laqu\u00e9 noir sur le devant.<br \/>Mont\u00e9 sur une cha\u00eene jaseron \u00e0 fermoir mousqueton.<\/p>\n<p>Mati\u00e8re : m\u00e9tal dor\u00e9 et noir laqu\u00e9<br \/>Dimensions : 5 x 1cm ; longueur de la cha\u00eene 71cm<\/p>\n","protected":false},"excerpt":{"rendered":"<p>Tendance r\u00e9tro pour ce joli collier \u00ab moustache \u00bb en m\u00e9tal dor\u00e9, laqu\u00e9 noir sur le devant.Mont\u00e9 sur une cha\u00eene jaseron \u00e0 fermoir mousqueton. Mati\u00e8re : m\u00e9tal dor\u00e9 et noir laqu\u00e9Dimensions : 5 x 1cm ; longueur de la cha\u00eene 71cm<\/p>\n","protected":false},"featured_media":630,"comment_status":"open","ping_status":"closed","template":"","meta":[],"product_cat":[181,151],"product_tag":[],"yst_prominent_words":[],"_links":{"self":[{"href":"https:\/\/www.mikatani.com\/boutique\/wp-json\/wp\/v2\/product\/634"}],"collection":[{"href":"https:\/\/www.mikatani.com\/boutique\/wp-json\/wp\/v2\/product"}],"about":[{"href":"https:\/\/www.mikatani.com\/boutique\/wp-json\/wp\/v2\/types\/product"}],"replies":[{"embeddable":true,"href":"https:\/\/www.mikatani.com\/boutique\/wp-json\/wp\/v2\/comments?post=634"}],"version-history":[{"count":0,"href":"https:\/\/www.mikatani.com\/boutique\/wp-json\/wp\/v2\/product\/634\/revisions"}],"wp:featuredmedia":[{"embeddable":true,"href":"https:\/\/www.mikatani.com\/boutique\/wp-json\/wp\/v2\/media\/630"}],"wp:attachment":[{"href":"https:\/\/www.mikatani.com\/boutique\/wp-json\/wp\/v2\/media?parent=634"}],"wp:term":[{"taxonomy":"product_cat","embeddable":true,"href":"https:\/\/www.mikatani.com\/boutique\/wp-json\/wp\/v2\/product_cat?post=634"},{"taxonomy":"product_tag","embeddable":true,"href":"https:\/\/www.mikatani.com\/boutique\/wp-json\/wp\/v2\/product_tag?post=634"},{"taxonomy":"yst_prominent_words","embeddable":true,"href":"https:\/\/www.mikatani.com\/boutique\/wp-json\/wp\/v2\/yst_prominent_words?post=634"}],"curies":[{"name":"wp","href":"https:\/\/api.w.org\/{rel}","templated":true}]}}