{"id":640,"date":"2012-10-04T00:00:00","date_gmt":"2012-10-03T22:00:00","guid":{"rendered":"https:\/\/www.mikatani.com\/boutique\/produit-japonais\/bracelet-kawaii-skulls-bijou-fantaisie-asiatique-manga\/"},"modified":"2020-03-04T16:01:15","modified_gmt":"2020-03-04T15:01:15","slug":"bracelet-kawaii-skulls-bijou-fantaisie-asiatique-manga","status":"publish","type":"product","link":"https:\/\/www.mikatani.com\/boutique\/mode-vetements\/bijoux-kawaii\/bracelet-kawaii-bijou-asiatique\/bracelet-kawaii-skulls-bijou-fantaisie-asiatique-manga","title":{"rendered":"Bracelet Kawaii Skulls"},"content":{"rendered":"<p>Esprit gothique-kawaii pour ce bracelet orn\u00e9 de minis t\u00eates de morts color\u00e9es mont\u00e9es sur un cordon \u00e9lastiqu\u00e9.<\/p>\n<p>Mati\u00e8re : m\u00e9tal et plastique<br \/>Longueur : 17cm environ<\/p>\n","protected":false},"excerpt":{"rendered":"<p>Esprit gothique-kawaii pour ce bracelet orn\u00e9 de minis t\u00eates de morts color\u00e9es mont\u00e9es sur un cordon \u00e9lastiqu\u00e9. Mati\u00e8re : m\u00e9tal et plastiqueLongueur : 17cm environ<\/p>\n","protected":false},"featured_media":639,"comment_status":"open","ping_status":"closed","template":"","meta":[],"product_cat":[178,151],"product_tag":[],"yst_prominent_words":[],"_links":{"self":[{"href":"https:\/\/www.mikatani.com\/boutique\/wp-json\/wp\/v2\/product\/640"}],"collection":[{"href":"https:\/\/www.mikatani.com\/boutique\/wp-json\/wp\/v2\/product"}],"about":[{"href":"https:\/\/www.mikatani.com\/boutique\/wp-json\/wp\/v2\/types\/product"}],"replies":[{"embeddable":true,"href":"https:\/\/www.mikatani.com\/boutique\/wp-json\/wp\/v2\/comments?post=640"}],"version-history":[{"count":0,"href":"https:\/\/www.mikatani.com\/boutique\/wp-json\/wp\/v2\/product\/640\/revisions"}],"wp:featuredmedia":[{"embeddable":true,"href":"https:\/\/www.mikatani.com\/boutique\/wp-json\/wp\/v2\/media\/639"}],"wp:attachment":[{"href":"https:\/\/www.mikatani.com\/boutique\/wp-json\/wp\/v2\/media?parent=640"}],"wp:term":[{"taxonomy":"product_cat","embeddable":true,"href":"https:\/\/www.mikatani.com\/boutique\/wp-json\/wp\/v2\/product_cat?post=640"},{"taxonomy":"product_tag","embeddable":true,"href":"https:\/\/www.mikatani.com\/boutique\/wp-json\/wp\/v2\/product_tag?post=640"},{"taxonomy":"yst_prominent_words","embeddable":true,"href":"https:\/\/www.mikatani.com\/boutique\/wp-json\/wp\/v2\/yst_prominent_words?post=640"}],"curies":[{"name":"wp","href":"https:\/\/api.w.org\/{rel}","templated":true}]}}