{"id":674,"date":"2014-11-01T00:00:00","date_gmt":"2014-10-31T23:00:00","guid":{"rendered":"https:\/\/www.mikatani.com\/boutique\/produit-japonais\/set-lips-mustache\/"},"modified":"2020-02-02T16:21:58","modified_gmt":"2020-02-02T15:21:58","slug":"set-lips-mustache","status":"publish","type":"product","link":"https:\/\/www.mikatani.com\/boutique\/mode-vetements\/bijoux-kawaii\/set-lips-mustache","title":{"rendered":"Set Lips &#038; Mustache"},"content":{"rendered":"<p>Original set de boucles d\u2019oreilles cor\u00e9ennes esprit r\u00e9tro, en forme de bouche et moustache aux couleurs pastel. <\/p>\n<p>A m\u00e9langer selon vos envies !<\/p>\n<p>Coloris : rose p\u00e2le et menthe \u00e0 l\u2019eau<br \/>Mati\u00e8re : m\u00e9tal laqu\u00e9<br \/>Dimensions : 1&#215;0,6cm et 1,3 x0,5cm environ<\/p>\n","protected":false},"excerpt":{"rendered":"<p>Original set de boucles d\u2019oreilles cor\u00e9ennes esprit r\u00e9tro, en forme de bouche et moustache aux couleurs pastel. A m\u00e9langer selon vos envies ! Coloris : rose p\u00e2le et menthe \u00e0 l\u2019eauMati\u00e8re : m\u00e9tal laqu\u00e9Dimensions : 1&#215;0,6cm et 1,3 x0,5cm environ<\/p>\n","protected":false},"featured_media":671,"comment_status":"open","ping_status":"closed","template":"","meta":[],"product_cat":[156,151],"product_tag":[268,269,270],"yst_prominent_words":[],"_links":{"self":[{"href":"https:\/\/www.mikatani.com\/boutique\/wp-json\/wp\/v2\/product\/674"}],"collection":[{"href":"https:\/\/www.mikatani.com\/boutique\/wp-json\/wp\/v2\/product"}],"about":[{"href":"https:\/\/www.mikatani.com\/boutique\/wp-json\/wp\/v2\/types\/product"}],"replies":[{"embeddable":true,"href":"https:\/\/www.mikatani.com\/boutique\/wp-json\/wp\/v2\/comments?post=674"}],"version-history":[{"count":1,"href":"https:\/\/www.mikatani.com\/boutique\/wp-json\/wp\/v2\/product\/674\/revisions"}],"predecessor-version":[{"id":702995,"href":"https:\/\/www.mikatani.com\/boutique\/wp-json\/wp\/v2\/product\/674\/revisions\/702995"}],"wp:featuredmedia":[{"embeddable":true,"href":"https:\/\/www.mikatani.com\/boutique\/wp-json\/wp\/v2\/media\/671"}],"wp:attachment":[{"href":"https:\/\/www.mikatani.com\/boutique\/wp-json\/wp\/v2\/media?parent=674"}],"wp:term":[{"taxonomy":"product_cat","embeddable":true,"href":"https:\/\/www.mikatani.com\/boutique\/wp-json\/wp\/v2\/product_cat?post=674"},{"taxonomy":"product_tag","embeddable":true,"href":"https:\/\/www.mikatani.com\/boutique\/wp-json\/wp\/v2\/product_tag?post=674"},{"taxonomy":"yst_prominent_words","embeddable":true,"href":"https:\/\/www.mikatani.com\/boutique\/wp-json\/wp\/v2\/yst_prominent_words?post=674"}],"curies":[{"name":"wp","href":"https:\/\/api.w.org\/{rel}","templated":true}]}}