{"id":703,"date":"2014-12-18T00:00:00","date_gmt":"2014-12-17T23:00:00","guid":{"rendered":"https:\/\/www.mikatani.com\/boutique\/produit-japonais\/jupe-leggings-nao\/"},"modified":"2019-03-21T16:16:17","modified_gmt":"2019-03-21T15:16:17","slug":"jupe-leggings-nao","status":"publish","type":"product","link":"https:\/\/www.mikatani.com\/boutique\/mode-vetements\/pantalons-et-leggings\/jupe-leggings-nao","title":{"rendered":"Jupe-Legging Nao"},"content":{"rendered":"<div class=\"rte\">\n<div class=\"rte\">\n<div class=\"rte\">\n<ul>\n<li>Produits en stock<\/li>\n<li>Livraison suivie 48h<\/li>\n<li>Satisfait ou rembours\u00e9<\/li>\n<li>Paiement 100% s\u00e9curis\u00e9<\/li>\n<li>Frais de port \u00e0 partir de 3\u20ac<\/li>\n<li>Envoi gratuit d\u00e8s 99\u20ac d&#8217;achat<\/li>\n<li>N\u00b01 de la <a href=\"https:\/\/www.mikatani.com\/3-mode-japonaise-coreenne-tendance-style-asiatique\">mode cor\u00e9enne<\/a> depuis 2008<\/li>\n<\/ul>\n<p>Tous nos colis sont emball\u00e9s avec soin. Nous attachons une attention particuli\u00e8re \u00e0 leur confection afin que vous soyez charm\u00e9s d\u00e8s l&#8217;ouverture. Si toutefois vous n&#8217;\u00e9tiez pas satisfait(e) de nos services ou de vos achats, vous pouvez nous contacter \u00e0\u00a0<a href=\"mailto:contact@mikatani.com\">contact@mikatani.com<\/a> afin que nous trouvions ensemble une solution.<\/p>\n<p><em>NB : la taille fran\u00e7aise est donn\u00e9e \u00e0 titre indicatif. N&#8217;h\u00e9sitez pas \u00e0 v\u00e9rifier la convenance de l&#8217;article \u00e0 votre taille gr\u00e2ce aux dimensions indiqu\u00e9es.<\/em><\/p>\n<\/p><\/div>\n<\/p><\/div>\n<\/p><\/div>\n","protected":false},"excerpt":{"rendered":"<p>Style K-pop pour cette paire de leggings anthracite au design original. Empi\u00e8cement jupe volant\u00e9e asym\u00e9trique. Taille stretch \u00e9lastiqu\u00e9e.<\/p>\n<p>Taille fran\u00e7aise unique : 34-36<br \/>Couleur : gris<br \/>Mati\u00e8re : polyester et coton<\/p>\n<table style=\"border-collapse:collapse;width:300px;height:82px;border:0px none #ffffff;\" cellspacing=\"0\" cellpadding=\"0\" border=\"0\">\n<tbody>\n<tr>\n<td style=\"padding:2px;border:1px solid #000000;\">\n<p style=\"font-size:12px;font-weight:normal;padding:0px;margin:0px;\" align=\"center\">Taille unique<\/p>\n<\/td>\n<td style=\"padding:2px;border:1px solid #000000;\" valign=\"top\">\n<p style=\"font-size:12px;font-weight:normal;padding:0px;margin:0px;\" align=\"center\">Dimensions<\/p>\n<\/td>\n<\/tr>\n<tr>\n<td style=\"padding:2px;border:1px solid #000000;\">\n<p style=\"font-size:12px;font-weight:normal;padding:0px;margin:0px;\" align=\"center\">Longueur totale<\/p>\n<\/td>\n<td style=\"padding:2px;border:1px solid #000000;\" valign=\"top\">\n<p style=\"font-size:12px;font-weight:normal;padding:0px;margin:0px;\" align=\"center\">87cm<\/p>\n<\/td>\n<\/tr>\n<tr>\n<td style=\"padding:2px;border:1px solid #000000;\">\n<p style=\"font-size:12px;font-weight:normal;padding:0px;margin:0px;\" align=\"center\">Longueur de la jupe<\/p>\n<\/td>\n<td style=\"padding:2px;border:1px solid #000000;\" valign=\"top\">\n<p style=\"font-size:12px;font-weight:normal;padding:0px;margin:0px;\" align=\"center\">31cm<\/p>\n<\/td>\n<\/tr>\n<tr>\n<td style=\"padding:2px;border:1px solid #000000;\">\n<p style=\"font-size:12px;font-weight:normal;padding:0px;margin:0px;\" align=\"center\">Taille<\/p>\n<\/td>\n<td style=\"padding:2px;border:1px solid #000000;\" valign=\"top\">\n<p style=\"font-size:12px;font-weight:normal;padding:0px;margin:0px;\" align=\"center\">60-75cm<\/p>\n<\/td>\n<\/tr>\n<\/tbody>\n<\/table>\n","protected":false},"featured_media":700,"comment_status":"open","ping_status":"closed","template":"","meta":[],"product_cat":[138],"product_tag":[289,292,291,290,293,272],"yst_prominent_words":[],"_links":{"self":[{"href":"https:\/\/www.mikatani.com\/boutique\/wp-json\/wp\/v2\/product\/703"}],"collection":[{"href":"https:\/\/www.mikatani.com\/boutique\/wp-json\/wp\/v2\/product"}],"about":[{"href":"https:\/\/www.mikatani.com\/boutique\/wp-json\/wp\/v2\/types\/product"}],"replies":[{"embeddable":true,"href":"https:\/\/www.mikatani.com\/boutique\/wp-json\/wp\/v2\/comments?post=703"}],"version-history":[{"count":0,"href":"https:\/\/www.mikatani.com\/boutique\/wp-json\/wp\/v2\/product\/703\/revisions"}],"wp:featuredmedia":[{"embeddable":true,"href":"https:\/\/www.mikatani.com\/boutique\/wp-json\/wp\/v2\/media\/700"}],"wp:attachment":[{"href":"https:\/\/www.mikatani.com\/boutique\/wp-json\/wp\/v2\/media?parent=703"}],"wp:term":[{"taxonomy":"product_cat","embeddable":true,"href":"https:\/\/www.mikatani.com\/boutique\/wp-json\/wp\/v2\/product_cat?post=703"},{"taxonomy":"product_tag","embeddable":true,"href":"https:\/\/www.mikatani.com\/boutique\/wp-json\/wp\/v2\/product_tag?post=703"},{"taxonomy":"yst_prominent_words","embeddable":true,"href":"https:\/\/www.mikatani.com\/boutique\/wp-json\/wp\/v2\/yst_prominent_words?post=703"}],"curies":[{"name":"wp","href":"https:\/\/api.w.org\/{rel}","templated":true}]}}