{"id":796,"date":"2016-09-30T12:10:57","date_gmt":"2016-09-30T10:10:57","guid":{"rendered":"https:\/\/www.mikatani.com\/boutique\/produit-japonais\/collier-fee-clochette\/"},"modified":"2024-10-28T03:05:41","modified_gmt":"2024-10-28T02:05:41","slug":"collier-fee-clochette","status":"publish","type":"product","link":"https:\/\/www.mikatani.com\/boutique\/mode-vetements\/bijoux-kawaii\/colliers\/collier-fee-clochette","title":{"rendered":"Collier F\u00e9e Clochette"},"content":{"rendered":"<div class=\"rte\">\n<ul>\n<li>Produits en stock<\/li>\n<li>Livraison suivie 48h<\/li>\n<li>Satisfait ou rembours\u00e9<\/li>\n<li>Paiement 100% s\u00e9curis\u00e9<\/li>\n<li>Envoi gratuit d\u00e8s 99\u20ac d&#8217;achat<\/li>\n<li>N\u00b01 de la\u00a0<a href=\"https:\/\/www.mikatani.com\/3-mode-japonaise-coreenne-tendance-style-asiatique\">mode asiatique<\/a> depuis 2008<\/li>\n<\/ul>\n<p>Tous nos colis sont emball\u00e9s avec soin. Nous attachons une attention particuli\u00e8re \u00e0 leur confection afin que vous soyez charm\u00e9s d\u00e8s l&#8217;ouverture. Si toutefois vous n&#8217;\u00e9tiez pas satisfait(e) de nos services ou de vos achats, vous pouvez nous contacter \u00e0\u00a0<a href=\"mailto:contact@mikatani.com\">contact@mikatani.com<\/a> afin que nous trouvions ensemble une solution.<\/p>\n<\/p><\/div>\n","protected":false},"excerpt":{"rendered":"<p>M\u00e9daillon F\u00e9e Clochette en r\u00e9sine, verre et strass en cristal.<\/p>\n<ul>\n<li>Tour de cou : <span>Environ 60 cm<\/span><\/li>\n<\/ul>\n<ul>\n<li>Mati\u00e8res : <span>r\u00e9sine, verre, cristal et m\u00e9tal<\/span><\/li>\n<\/ul>\n<ul>\n<li>Fabrication : <span>fait main en France, garantie sans nickel<\/span><\/li>\n<\/ul>\n","protected":false},"featured_media":793,"comment_status":"open","ping_status":"closed","template":"","meta":[],"product_cat":[181,151],"product_tag":[],"yst_prominent_words":[],"_links":{"self":[{"href":"https:\/\/www.mikatani.com\/boutique\/wp-json\/wp\/v2\/product\/796"}],"collection":[{"href":"https:\/\/www.mikatani.com\/boutique\/wp-json\/wp\/v2\/product"}],"about":[{"href":"https:\/\/www.mikatani.com\/boutique\/wp-json\/wp\/v2\/types\/product"}],"replies":[{"embeddable":true,"href":"https:\/\/www.mikatani.com\/boutique\/wp-json\/wp\/v2\/comments?post=796"}],"version-history":[{"count":0,"href":"https:\/\/www.mikatani.com\/boutique\/wp-json\/wp\/v2\/product\/796\/revisions"}],"wp:featuredmedia":[{"embeddable":true,"href":"https:\/\/www.mikatani.com\/boutique\/wp-json\/wp\/v2\/media\/793"}],"wp:attachment":[{"href":"https:\/\/www.mikatani.com\/boutique\/wp-json\/wp\/v2\/media?parent=796"}],"wp:term":[{"taxonomy":"product_cat","embeddable":true,"href":"https:\/\/www.mikatani.com\/boutique\/wp-json\/wp\/v2\/product_cat?post=796"},{"taxonomy":"product_tag","embeddable":true,"href":"https:\/\/www.mikatani.com\/boutique\/wp-json\/wp\/v2\/product_tag?post=796"},{"taxonomy":"yst_prominent_words","embeddable":true,"href":"https:\/\/www.mikatani.com\/boutique\/wp-json\/wp\/v2\/yst_prominent_words?post=796"}],"curies":[{"name":"wp","href":"https:\/\/api.w.org\/{rel}","templated":true}]}}