{"id":951,"date":"2017-01-31T22:56:32","date_gmt":"2017-01-31T21:56:32","guid":{"rendered":"https:\/\/www.mikatani.com\/boutique\/produit-japonais\/small-sticky-note-rilakkuma\/"},"modified":"2020-02-24T12:00:57","modified_gmt":"2020-02-24T11:00:57","slug":"small-sticky-note-rilakkuma","status":"publish","type":"product","link":"https:\/\/www.mikatani.com\/boutique\/produits-traditionnels\/papeterie-kawaii\/small-sticky-note-rilakkuma","title":{"rendered":"Small Sticky Note Rilakkuma"},"content":{"rendered":"<div class=\"rte\">\n<div class=\"rte\">\n<div class=\"rte\">\n<ul>\n<li>Produits en stock<\/li>\n<li>Livraison suivie 48h<\/li>\n<li>Satisfait ou rembours\u00e9<\/li>\n<li>Paiement 100% s\u00e9curis\u00e9<\/li>\n<li>Frais de port \u00e0 partir de 3\u20ac<\/li>\n<li>Envoi gratuit d\u00e8s 99\u20ac d&#8217;achat<\/li>\n<li>N\u00b01 de la\u00a0<a href=\"https:\/\/www.mikatani.com\/13-papeterie-kawaii\">papeterie kawaii<\/a> depuis 2008<\/li>\n<\/ul>\n<p>Tous nos colis sont emball\u00e9s avec soin. Nous attachons une attention particuli\u00e8re \u00e0 leur confection afin que vous soyez charm\u00e9s d\u00e8s l&#8217;ouverture. Si toutefois vous n&#8217;\u00e9tiez pas satisfait(e) de nos services ou de vos achats, vous pouvez nous contacter \u00e0\u00a0<a href=\"mailto:contact@mikatani.com\">contact@mikatani.com<\/a> afin que nous trouvions ensemble une solution.<\/p>\n<p><em>NB : la taille fran\u00e7aise est donn\u00e9e \u00e0 titre indicatif. N&#8217;h\u00e9sitez pas \u00e0 v\u00e9rifier la convenance de l&#8217;article \u00e0 votre taille gr\u00e2ce aux dimensions indiqu\u00e9es.<\/em><\/p>\n<\/div>\n<\/div>\n<\/div>\n","protected":false},"excerpt":{"rendered":"<p>Illustr\u00e9es du petit nounours Rilakkuma, ces jolies\u00a0Sticky Note au design kawaii seront l\u2019accessoire id\u00e9al pour annoter vos documents.<\/p>\n<p>30 sticky notes par unit\u00e9<br \/>\nCouleur : camel &#8211; jaune -bleu<br \/>\nDimensions : 5 x 7cm<\/p>\n","protected":false},"featured_media":947,"comment_status":"open","ping_status":"closed","template":"","meta":[],"product_cat":[142],"product_tag":[279,273,278,280,277,260],"yst_prominent_words":[],"_links":{"self":[{"href":"https:\/\/www.mikatani.com\/boutique\/wp-json\/wp\/v2\/product\/951"}],"collection":[{"href":"https:\/\/www.mikatani.com\/boutique\/wp-json\/wp\/v2\/product"}],"about":[{"href":"https:\/\/www.mikatani.com\/boutique\/wp-json\/wp\/v2\/types\/product"}],"replies":[{"embeddable":true,"href":"https:\/\/www.mikatani.com\/boutique\/wp-json\/wp\/v2\/comments?post=951"}],"version-history":[{"count":0,"href":"https:\/\/www.mikatani.com\/boutique\/wp-json\/wp\/v2\/product\/951\/revisions"}],"wp:featuredmedia":[{"embeddable":true,"href":"https:\/\/www.mikatani.com\/boutique\/wp-json\/wp\/v2\/media\/947"}],"wp:attachment":[{"href":"https:\/\/www.mikatani.com\/boutique\/wp-json\/wp\/v2\/media?parent=951"}],"wp:term":[{"taxonomy":"product_cat","embeddable":true,"href":"https:\/\/www.mikatani.com\/boutique\/wp-json\/wp\/v2\/product_cat?post=951"},{"taxonomy":"product_tag","embeddable":true,"href":"https:\/\/www.mikatani.com\/boutique\/wp-json\/wp\/v2\/product_tag?post=951"},{"taxonomy":"yst_prominent_words","embeddable":true,"href":"https:\/\/www.mikatani.com\/boutique\/wp-json\/wp\/v2\/yst_prominent_words?post=951"}],"curies":[{"name":"wp","href":"https:\/\/api.w.org\/{rel}","templated":true}]}}